{"id":285,"date":"2018-05-21T18:09:01","date_gmt":"2018-05-21T16:09:01","guid":{"rendered":"http:\/\/www.yvesbuliard.fr\/?page_id=285"},"modified":"2026-01-07T17:50:01","modified_gmt":"2026-01-07T16:50:01","slug":"cv","status":"publish","type":"page","link":"https:\/\/www.yvesbuliard.fr\/?page_id=285","title":{"rendered":"CV"},"content":{"rendered":"<p>[et_pb_section fb_built=\u00a0\u00bb1&Prime; _builder_version=\u00a0\u00bb3.29.3&Prime; background_color=\u00a0\u00bb#000000&Prime; custom_padding=\u00a0\u00bb28px|0px|54px|0px\u00a0\u00bb box_shadow_style=\u00a0\u00bbpreset6&Prime; global_module=\u00a0\u00bb75&Prime; global_colors_info=\u00a0\u00bb{}\u00a0\u00bb][et_pb_row _builder_version=\u00a0\u00bb4.16&Prime; custom_margin=\u00a0\u00bb||20px|\u00a0\u00bb animation_style=\u00a0\u00bbfade\u00a0\u00bb global_colors_info=\u00a0\u00bb{}\u00a0\u00bb][et_pb_column type=\u00a0\u00bb4_4&Prime; _builder_version=\u00a0\u00bb4.16&Prime; custom_padding=\u00a0\u00bb|||\u00a0\u00bb global_colors_info=\u00a0\u00bb{}\u00a0\u00bb custom_padding__hover=\u00a0\u00bb|||\u00a0\u00bb][et_pb_text _builder_version=\u00a0\u00bb4.16&Prime; global_colors_info=\u00a0\u00bb{}\u00a0\u00bb]<\/p>\n<h1><span style=\"color: #ffffff;\">CV Yves Buliard<\/span><\/h1>\n<p>[\/et_pb_text][\/et_pb_column][\/et_pb_row][et_pb_row column_structure=\u00a0\u00bb1_3,1_3,1_3&Prime; _builder_version=\u00a0\u00bb4.16&Prime; global_colors_info=\u00a0\u00bb{}\u00a0\u00bb][et_pb_column type=\u00a0\u00bb1_3&Prime; _builder_version=\u00a0\u00bb4.16&Prime; custom_padding=\u00a0\u00bb|||\u00a0\u00bb global_colors_info=\u00a0\u00bb{}\u00a0\u00bb custom_padding__hover=\u00a0\u00bb|||\u00a0\u00bb][et_pb_text ul_item_indent=\u00a0\u00bb4px\u00a0\u00bb _builder_version=\u00a0\u00bb4.16&Prime; text_font=\u00a0\u00bb||||||||\u00a0\u00bb ul_font=\u00a0\u00bb|300|||||||\u00a0\u00bb ul_font_size=\u00a0\u00bb16px\u00a0\u00bb header_font=\u00a0\u00bb||||||||\u00a0\u00bb header_font_size=\u00a0\u00bb86px\u00a0\u00bb header_letter_spacing=\u00a0\u00bb9px\u00a0\u00bb header_3_font=\u00a0\u00bb||||||||\u00a0\u00bb header_3_font_size=\u00a0\u00bb43px\u00a0\u00bb header_3_line_height=\u00a0\u00bb1.7em\u00a0\u00bb header_4_font=\u00a0\u00bb||||||||\u00a0\u00bb header_4_font_size=\u00a0\u00bb15px\u00a0\u00bb background_layout=\u00a0\u00bbdark\u00a0\u00bb ul_font_size_tablet=\u00a0\u00bb\u00a0\u00bb ul_font_size_phone=\u00a0\u00bb\u00a0\u00bb ul_font_size_last_edited=\u00a0\u00bbon|desktop\u00a0\u00bb saved_tabs=\u00a0\u00bball\u00a0\u00bb global_colors_info=\u00a0\u00bb{}\u00a0\u00bb]<\/p>\n<h2 class=\"p1\"><span class=\"s1\" style=\"color: #ffffff;\">Exp\u00e9rience<\/span><\/h2>\n<ul>\n<li><span style=\"color: #ffffff;\"><strong><span class=\"s2\">Ind\u00e9pendant<\/span><\/strong><span class=\"s3\"> &#8211; Quinze <\/span><span class=\"s2\">ans<\/span><span class=\"s3\"> &#8211; <\/span><span class=\"s2\">Directeur artistique free lance, (identit\u00e9, \u00e9dition, presse, sites web, vid\u00e9o) pour des agences de publicit\u00e9 ou clients en direct.<\/span><\/span><\/li>\n<li class=\"p2\"><span style=\"color: #ffffff;\"><strong><span class=\"s2\">Enseignant<\/span><\/strong><span class=\"s3\"> &#8211; Q<\/span><span class=\"s2\">uelques cours par an<\/span><span class=\"s3\"> &#8211;<\/span><span class=\"s2\"> j&rsquo;enseigne la communication et le graphisme \u00e0 des cinqui\u00e8me ann\u00e9e en master de communication.<\/span><\/span><\/li>\n<\/ul>\n<ul>\n<li class=\"p2\"><span style=\"color: #ffffff;\"><strong><span class=\"s2\">Nuages Blancs<\/span><\/strong><span class=\"s3\"> &#8211; <\/span><span class=\"s2\">Quatre ans<\/span><span class=\"s3\"> &#8211; <\/span><span class=\"s2\">Directeur artistique<\/span>, <span class=\"s2\">puis Directeur du p\u00f4le cr\u00e9ation, (\u00e9dition corporate, presse, rapports d&rsquo;activit\u00e9 et sites). Air France, Keolis, JC Decaux, Carrefour.<\/span><\/span><\/li>\n<\/ul>\n<ul>\n<li class=\"p2\"><span style=\"color: #ffffff;\"><strong><span class=\"s2\">Black-Line<\/span><\/strong><span class=\"s3\"> &#8211; <\/span><span class=\"s2\">CInq ans<\/span><span class=\"s3\"> &#8211; <\/span><span class=\"s2\">Directeur artistique, <\/span>(\u00e9dition, publiclit\u00e9 et PLV autour du divertissement grand public : jeux vid\u00e9o, DVD, mat\u00e9riels, logiciels). La Fnac, Thomson, Microsoft, Adobe.<\/span><\/li>\n<\/ul>\n<ul>\n<li class=\"p2\"><span style=\"color: #ffffff;\"><strong><span class=\"s2\">Preview<\/span><\/strong><span class=\"s3\"> &#8211; <\/span><span class=\"s2\">Deux ans<\/span><span class=\"s3\"> &#8211; <\/span><span class=\"s2\">Directeur artistique,<\/span> (\u00e9dition, Cr\u00e9ation de photos, PLV dans les domaines du luxe, de la cosm\u00e9tique et de la d\u00e9co.) Arcancil, Sisley, Clarins, Sothys, Esteban et Now!<\/span><\/li>\n<\/ul>\n<ul>\n<li class=\"p2\"><span style=\"color: #ffffff;\"><strong><span class=\"s2\">REV\u2019ON<\/span><\/strong><span class=\"s3\"> &#8211; <\/span><span class=\"s2\">Deux ans<\/span><span class=\"s3\"> &#8211; <\/span><span class=\"s2\">Directeur artistique, <\/span>(PLV, catalogues, \u00e9tiquettes et pr\u00e9sentoirs, pour le pr\u00eat-\u00e0-porter). Jennyfer, Les Filles \u00e0 la Vanille, Celio, Delaveine.<\/span><\/li>\n<\/ul>\n<ul>\n<li class=\"p2\"><span style=\"color: #ffffff;\"><strong><span class=\"s2\">Objectif Lune<\/span><\/strong><span class=\"s3\"> &#8211; <\/span><span class=\"s2\">Un an<\/span><span class=\"s3\"> &#8211; <\/span><span class=\"s2\">Maquettiste<\/span> (magazines \u00ab\u00a0in-fly\u00a0\u00bb). AOM, ACCOR et AVIANCA Airlines.<\/span><\/li>\n<\/ul>\n<p>[\/et_pb_text][\/et_pb_column][et_pb_column type=\u00a0\u00bb1_3&Prime; _builder_version=\u00a0\u00bb4.16&Prime; custom_padding=\u00a0\u00bb|||\u00a0\u00bb global_colors_info=\u00a0\u00bb{}\u00a0\u00bb custom_padding__hover=\u00a0\u00bb|||\u00a0\u00bb][et_pb_text ul_item_indent=\u00a0\u00bb4px\u00a0\u00bb _builder_version=\u00a0\u00bb4.16&Prime; text_font=\u00a0\u00bb||||||||\u00a0\u00bb ul_font=\u00a0\u00bb|300|||||||\u00a0\u00bb ul_font_size=\u00a0\u00bb16px\u00a0\u00bb header_font=\u00a0\u00bb||||||||\u00a0\u00bb header_font_size=\u00a0\u00bb86px\u00a0\u00bb header_letter_spacing=\u00a0\u00bb9px\u00a0\u00bb header_3_font=\u00a0\u00bb||||||||\u00a0\u00bb header_3_font_size=\u00a0\u00bb43px\u00a0\u00bb header_3_line_height=\u00a0\u00bb1.7em\u00a0\u00bb header_4_font=\u00a0\u00bb||||||||\u00a0\u00bb header_4_font_size=\u00a0\u00bb15px\u00a0\u00bb background_layout=\u00a0\u00bbdark\u00a0\u00bb ul_font_size_tablet=\u00a0\u00bb\u00a0\u00bb ul_font_size_phone=\u00a0\u00bb\u00a0\u00bb ul_font_size_last_edited=\u00a0\u00bbon|desktop\u00a0\u00bb saved_tabs=\u00a0\u00bball\u00a0\u00bb global_colors_info=\u00a0\u00bb{}\u00a0\u00bb]<\/p>\n<h2 class=\"p1\"><span class=\"s1\" style=\"color: #ffffff;\">Comp\u00e9tences<\/span><\/h2>\n<ul>\n<li class=\"p3\"><span style=\"color: #ffffff;\"><strong><span class=\"s2\">Techniques<\/span> :<\/strong> Parfaite ma\u00eetrise d&rsquo;InDesign, de Photoshop (chromie, montage, retouches pointues) d&rsquo;Illustrator, de la cha\u00eene graphique, <span class=\"s2\">du d\u00e9vellopement web (WordPress, Muse) et du motion design, r\u00e9alisation et montage vid\u00e9o.<\/span><\/span><\/li>\n<\/ul>\n<ul>\n<li class=\"p3\"><strong>Concept<\/strong><span style=\"font-size: 16px;\"><strong> :<\/strong> Recherche de concept, r\u00e9daction, DA, reco.<\/span><\/li>\n<\/ul>\n<ul>\n<li class=\"p3\"><span style=\"color: #ffffff;\"><strong><span class=\"s2\">Direction cr\u00e9ative<\/span> :<\/strong> Management d&rsquo;\u00e9quipe cr\u00e9ative, direction de prise de vue, pr\u00e9sentation et conseil en client\u00e8le.<\/span><\/li>\n<\/ul>\n<ul>\n<li><strong style=\"font-size: 16px;\"><span class=\"s2\">Domaines<\/span> :<\/strong><span style=\"font-size: 16px;\"> Edition, publicit\u00e9, identit\u00e9 visuelle, presse, PLV, WEB, vid\u00e9o.<\/span><\/li>\n<\/ul>\n<ul>\n<li class=\"p3\"><strong style=\"font-size: 16px;\">Univers de pr\u00e9dilection<\/strong><span style=\"font-size: 16px;\"><strong> :<\/strong> Institutionnel, sant\u00e9, cosm\u00e9tique, entertainment.<\/span><\/li>\n<\/ul>\n<h2 class=\"p1\"><span class=\"s4\">Dipl\u00f4mes<\/span><\/h2>\n<ul>\n<li class=\"p3\"><span><strong><span class=\"s2\">DTA<\/span><\/strong> (Dipl\u00f4me National de Technologie Approfondie) de communication visuelle en 1997.<\/span><\/li>\n<\/ul>\n<ul>\n<li class=\"p3\"><span><strong><span class=\"s2\">CEAP des Beaux-Arts <\/span><\/strong>en 1996.<\/span><\/li>\n<\/ul>\n<ul>\n<li class=\"p3\"><span><span class=\"s2\"><strong>DUT Publicit\u00e9 &#8211; Marketing<\/strong> <\/span>en 1995.<\/span><\/li>\n<\/ul>\n<ul>\n<li class=\"p3\"><span><strong><span class=\"s2\">BAC B<\/span><\/strong> en 1993.<\/span><\/li>\n<\/ul>\n<p>[\/et_pb_text][\/et_pb_column][et_pb_column type=\u00a0\u00bb1_3&Prime; _builder_version=\u00a0\u00bb4.16&Prime; custom_padding=\u00a0\u00bb|||\u00a0\u00bb global_colors_info=\u00a0\u00bb{}\u00a0\u00bb custom_padding__hover=\u00a0\u00bb|||\u00a0\u00bb][et_pb_text ul_item_indent=\u00a0\u00bb4px\u00a0\u00bb _builder_version=\u00a0\u00bb4.16&Prime; text_font=\u00a0\u00bb||||||||\u00a0\u00bb ul_font=\u00a0\u00bb|300|||||||\u00a0\u00bb ul_font_size=\u00a0\u00bb16px\u00a0\u00bb header_font=\u00a0\u00bb||||||||\u00a0\u00bb header_font_size=\u00a0\u00bb86px\u00a0\u00bb header_letter_spacing=\u00a0\u00bb9px\u00a0\u00bb header_3_font=\u00a0\u00bb||||||||\u00a0\u00bb header_3_font_size=\u00a0\u00bb43px\u00a0\u00bb header_3_line_height=\u00a0\u00bb1.7em\u00a0\u00bb header_4_font=\u00a0\u00bb||||||||\u00a0\u00bb header_4_font_size=\u00a0\u00bb15px\u00a0\u00bb background_layout=\u00a0\u00bbdark\u00a0\u00bb ul_font_size_tablet=\u00a0\u00bb\u00a0\u00bb ul_font_size_phone=\u00a0\u00bb\u00a0\u00bb ul_font_size_last_edited=\u00a0\u00bbon|desktop\u00a0\u00bb saved_tabs=\u00a0\u00bball\u00a0\u00bb global_colors_info=\u00a0\u00bb{}\u00a0\u00bb]<\/p>\n<h2 class=\"p4\"><span class=\"s5\" style=\"color: #ffffff;\">Langues <\/span><\/h2>\n<ul>\n<li class=\"p3\"><span style=\"color: #ffffff;\"><strong><span class=\"s2\">Anglais <\/span>:<\/strong> Courant.<\/span><\/li>\n<li><span style=\"color: #ffffff;\"><strong><span class=\"s2\">Espagnol <\/span>:<\/strong> Bonnes notions.<\/span><\/li>\n<\/ul>\n<p><span class=\"s1\"><\/span><\/p>\n<p><span style=\"font-size: 23px; font-family: Lora, Georgia, 'Times New Roman', serif;\">Prix<\/span><\/p>\n<ul>\n<li class=\"p5\"><span>Prix Design Strat\u00e9gie 2001 cat\u00e9gorie \u00e9dition pour now!<\/span><\/li>\n<\/ul>\n<ul>\n<li>\n<h2 class=\"p1\"><span class=\"s1\">Activit\u00e9s<\/span><\/h2>\n<ul>\n<li><span><span class=\"s2\">Composer et programmer de la <\/span>musique \u00e9lectronique.<\/span><\/li>\n<li>Voyages : Europe, Br\u00e9sil, Chine, Japon, Ta\u00efllande, Cambodge, Indon\u00e9sie, Inde, USA, Canada, Afrique du Sud, Kenya, Egypte, Tunisie, Maroc, R\u00e9union, Mexique.<\/li>\n<li><span>L&rsquo;art moderne, ballets contemporains, design, d\u00e9co.<\/span><\/li>\n<li>Jouer dans une troupe d&rsquo;improvisation.<\/li>\n<\/ul>\n<\/li>\n<\/ul>\n<p>[\/et_pb_text][\/et_pb_column][\/et_pb_row][\/et_pb_section][et_pb_section fb_built=\u00a0\u00bb1&Prime; custom_padding_last_edited=\u00a0\u00bbon|phone\u00a0\u00bb _builder_version=\u00a0\u00bb3.0.106&Prime; background_color=\u00a0\u00bb#303030&Prime; custom_padding=\u00a0\u00bb25px|0px|34px|0px\u00a0\u00bb custom_padding_tablet=\u00a0\u00bb\u00a0\u00bb custom_padding_phone=\u00a0\u00bb1%|||\u00a0\u00bb box_shadow_style=\u00a0\u00bbpreset6&Prime; box_shadow_horizontal=\u00a0\u00bb-3px\u00a0\u00bb box_shadow_vertical=\u00a0\u00bb17px\u00a0\u00bb box_shadow_blur=\u00a0\u00bb31px\u00a0\u00bb box_shadow_spread=\u00a0\u00bb-7px\u00a0\u00bb box_shadow_color=\u00a0\u00bbrgba(0,0,0,0.31)\u00a0\u00bb global_module=\u00a0\u00bb148&Prime; saved_tabs=\u00a0\u00bball\u00a0\u00bb global_colors_info=\u00a0\u00bb{}\u00a0\u00bb][et_pb_row _builder_version=\u00a0\u00bb4.16&Prime; global_colors_info=\u00a0\u00bb{}\u00a0\u00bb][et_pb_column type=\u00a0\u00bb4_4&Prime; _builder_version=\u00a0\u00bb4.16&Prime; custom_padding=\u00a0\u00bb|||\u00a0\u00bb global_colors_info=\u00a0\u00bb{}\u00a0\u00bb custom_padding__hover=\u00a0\u00bb|||\u00a0\u00bb][et_pb_text _builder_version=\u00a0\u00bb4.16&Prime; text_font=\u00a0\u00bb||||||||\u00a0\u00bb text_font_size=\u00a0\u00bb15px\u00a0\u00bb text_line_height=\u00a0\u00bb1.5em\u00a0\u00bb background_layout=\u00a0\u00bbdark\u00a0\u00bb inline_fonts=\u00a0\u00bbAlice\u00a0\u00bb global_colors_info=\u00a0\u00bb{}\u00a0\u00bb]<\/p>\n<p>CONTACT<\/p>\n<p>\u00a0<\/p>\n<p>[\/et_pb_text][et_pb_text _builder_version=\u00a0\u00bb4.16&Prime; text_font=\u00a0\u00bb||||||||\u00a0\u00bb text_font_size=\u00a0\u00bb18px\u00a0\u00bb header_font=\u00a0\u00bb||||||||\u00a0\u00bb header_font_size=\u00a0\u00bb27px\u00a0\u00bb custom_margin=\u00a0\u00bb-50||-15px|\u00a0\u00bb custom_padding=\u00a0\u00bb|||\u00a0\u00bb inline_fonts=\u00a0\u00bbAlice\u00a0\u00bb global_colors_info=\u00a0\u00bb{}\u00a0\u00bb]<\/p>\n<p><span style=\"color: #ffffff;\"> <span style=\"font-size: x-large;\">06 67 29 85 43\u00a0<\/span> \u00a0I\u00a0 <\/span><a href=\"mailto:%20yvesbuliard@gmail.com\"><span style=\"color: #ffffff;\">yvesbuliard@gmail.com<\/span><\/a><\/p>\n<p>[\/et_pb_text][\/et_pb_column][\/et_pb_row][\/et_pb_section]<\/p>\n","protected":false},"excerpt":{"rendered":"<p>CV Yves BuliardExp\u00e9rience Ind\u00e9pendant &#8211; Quinze ans &#8211; Directeur artistique free lance, (identit\u00e9, \u00e9dition, presse, sites web, vid\u00e9o) pour des agences de publicit\u00e9 ou clients en direct. Enseignant &#8211; Quelques cours par an &#8211; j&rsquo;enseigne la communication et le graphisme \u00e0 des cinqui\u00e8me ann\u00e9e en master de communication. Nuages Blancs &#8211; Quatre ans &#8211; Directeur [&hellip;]<\/p>\n","protected":false},"author":1,"featured_media":0,"parent":0,"menu_order":0,"comment_status":"closed","ping_status":"closed","template":"","meta":{"_et_pb_use_builder":"on","_et_pb_old_content":"","_et_gb_content_width":"","footnotes":""},"class_list":["post-285","page","type-page","status-publish","hentry"],"yoast_head":"<!-- This site is optimized with the Yoast SEO plugin v24.6 - https:\/\/yoast.com\/wordpress\/plugins\/seo\/ -->\n<title>CV - yvesbuliard.fr<\/title>\n<meta name=\"description\" content=\"CV, Curriculum viae, pr\u00e9sentation, information Yves Buliard, ybgraphic\" \/>\n<meta name=\"robots\" content=\"index, follow, max-snippet:-1, max-image-preview:large, max-video-preview:-1\" \/>\n<link rel=\"canonical\" href=\"https:\/\/www.yvesbuliard.fr\/?page_id=285\" \/>\n<meta property=\"og:locale\" content=\"fr_FR\" \/>\n<meta property=\"og:type\" content=\"article\" \/>\n<meta property=\"og:title\" content=\"CV - yvesbuliard.fr\" \/>\n<meta property=\"og:description\" content=\"CV, Curriculum viae, pr\u00e9sentation, information Yves Buliard, ybgraphic\" \/>\n<meta property=\"og:url\" content=\"https:\/\/www.yvesbuliard.fr\/?page_id=285\" \/>\n<meta property=\"og:site_name\" content=\"yvesbuliard.fr\" \/>\n<meta property=\"article:modified_time\" content=\"2026-01-07T16:50:01+00:00\" \/>\n<meta name=\"twitter:card\" content=\"summary_large_image\" \/>\n<meta name=\"twitter:label1\" content=\"Dur\u00e9e de lecture estim\u00e9e\" \/>\n\t<meta name=\"twitter:data1\" content=\"4 minutes\" \/>\n<script type=\"application\/ld+json\" class=\"yoast-schema-graph\">{\"@context\":\"https:\/\/schema.org\",\"@graph\":[{\"@type\":\"WebPage\",\"@id\":\"https:\/\/www.yvesbuliard.fr\/?page_id=285\",\"url\":\"https:\/\/www.yvesbuliard.fr\/?page_id=285\",\"name\":\"CV - yvesbuliard.fr\",\"isPartOf\":{\"@id\":\"https:\/\/www.yvesbuliard.fr\/#website\"},\"datePublished\":\"2018-05-21T16:09:01+00:00\",\"dateModified\":\"2026-01-07T16:50:01+00:00\",\"description\":\"CV, Curriculum viae, pr\u00e9sentation, information Yves Buliard, ybgraphic\",\"breadcrumb\":{\"@id\":\"https:\/\/www.yvesbuliard.fr\/?page_id=285#breadcrumb\"},\"inLanguage\":\"fr-FR\",\"potentialAction\":[{\"@type\":\"ReadAction\",\"target\":[\"https:\/\/www.yvesbuliard.fr\/?page_id=285\"]}]},{\"@type\":\"BreadcrumbList\",\"@id\":\"https:\/\/www.yvesbuliard.fr\/?page_id=285#breadcrumb\",\"itemListElement\":[{\"@type\":\"ListItem\",\"position\":1,\"name\":\"Accueil\",\"item\":\"https:\/\/www.yvesbuliard.fr\/\"},{\"@type\":\"ListItem\",\"position\":2,\"name\":\"CV\"}]},{\"@type\":\"WebSite\",\"@id\":\"https:\/\/www.yvesbuliard.fr\/#website\",\"url\":\"https:\/\/www.yvesbuliard.fr\/\",\"name\":\"yvesbuliard.fr\",\"description\":\"directeur artistique freelance\",\"publisher\":{\"@id\":\"https:\/\/www.yvesbuliard.fr\/#\/schema\/person\/e1b40964e8226af0d41fbdc8803aa990\"},\"potentialAction\":[{\"@type\":\"SearchAction\",\"target\":{\"@type\":\"EntryPoint\",\"urlTemplate\":\"https:\/\/www.yvesbuliard.fr\/?s={search_term_string}\"},\"query-input\":{\"@type\":\"PropertyValueSpecification\",\"valueRequired\":true,\"valueName\":\"search_term_string\"}}],\"inLanguage\":\"fr-FR\"},{\"@type\":[\"Person\",\"Organization\"],\"@id\":\"https:\/\/www.yvesbuliard.fr\/#\/schema\/person\/e1b40964e8226af0d41fbdc8803aa990\",\"name\":\"Yves Buliard\",\"image\":{\"@type\":\"ImageObject\",\"inLanguage\":\"fr-FR\",\"@id\":\"https:\/\/www.yvesbuliard.fr\/#\/schema\/person\/image\/\",\"url\":\"https:\/\/www.yvesbuliard.fr\/wp-content\/uploads\/2022\/12\/portrait-pro-2.jpg\",\"contentUrl\":\"https:\/\/www.yvesbuliard.fr\/wp-content\/uploads\/2022\/12\/portrait-pro-2.jpg\",\"width\":1920,\"height\":2876,\"caption\":\"Yves Buliard\"},\"logo\":{\"@id\":\"https:\/\/www.yvesbuliard.fr\/#\/schema\/person\/image\/\"}}]}<\/script>\n<!-- \/ Yoast SEO plugin. -->","yoast_head_json":{"title":"CV - yvesbuliard.fr","description":"CV, Curriculum viae, pr\u00e9sentation, information Yves Buliard, ybgraphic","robots":{"index":"index","follow":"follow","max-snippet":"max-snippet:-1","max-image-preview":"max-image-preview:large","max-video-preview":"max-video-preview:-1"},"canonical":"https:\/\/www.yvesbuliard.fr\/?page_id=285","og_locale":"fr_FR","og_type":"article","og_title":"CV - yvesbuliard.fr","og_description":"CV, Curriculum viae, pr\u00e9sentation, information Yves Buliard, ybgraphic","og_url":"https:\/\/www.yvesbuliard.fr\/?page_id=285","og_site_name":"yvesbuliard.fr","article_modified_time":"2026-01-07T16:50:01+00:00","twitter_card":"summary_large_image","twitter_misc":{"Dur\u00e9e de lecture estim\u00e9e":"4 minutes"},"schema":{"@context":"https:\/\/schema.org","@graph":[{"@type":"WebPage","@id":"https:\/\/www.yvesbuliard.fr\/?page_id=285","url":"https:\/\/www.yvesbuliard.fr\/?page_id=285","name":"CV - yvesbuliard.fr","isPartOf":{"@id":"https:\/\/www.yvesbuliard.fr\/#website"},"datePublished":"2018-05-21T16:09:01+00:00","dateModified":"2026-01-07T16:50:01+00:00","description":"CV, Curriculum viae, pr\u00e9sentation, information Yves Buliard, ybgraphic","breadcrumb":{"@id":"https:\/\/www.yvesbuliard.fr\/?page_id=285#breadcrumb"},"inLanguage":"fr-FR","potentialAction":[{"@type":"ReadAction","target":["https:\/\/www.yvesbuliard.fr\/?page_id=285"]}]},{"@type":"BreadcrumbList","@id":"https:\/\/www.yvesbuliard.fr\/?page_id=285#breadcrumb","itemListElement":[{"@type":"ListItem","position":1,"name":"Accueil","item":"https:\/\/www.yvesbuliard.fr\/"},{"@type":"ListItem","position":2,"name":"CV"}]},{"@type":"WebSite","@id":"https:\/\/www.yvesbuliard.fr\/#website","url":"https:\/\/www.yvesbuliard.fr\/","name":"yvesbuliard.fr","description":"directeur artistique freelance","publisher":{"@id":"https:\/\/www.yvesbuliard.fr\/#\/schema\/person\/e1b40964e8226af0d41fbdc8803aa990"},"potentialAction":[{"@type":"SearchAction","target":{"@type":"EntryPoint","urlTemplate":"https:\/\/www.yvesbuliard.fr\/?s={search_term_string}"},"query-input":{"@type":"PropertyValueSpecification","valueRequired":true,"valueName":"search_term_string"}}],"inLanguage":"fr-FR"},{"@type":["Person","Organization"],"@id":"https:\/\/www.yvesbuliard.fr\/#\/schema\/person\/e1b40964e8226af0d41fbdc8803aa990","name":"Yves Buliard","image":{"@type":"ImageObject","inLanguage":"fr-FR","@id":"https:\/\/www.yvesbuliard.fr\/#\/schema\/person\/image\/","url":"https:\/\/www.yvesbuliard.fr\/wp-content\/uploads\/2022\/12\/portrait-pro-2.jpg","contentUrl":"https:\/\/www.yvesbuliard.fr\/wp-content\/uploads\/2022\/12\/portrait-pro-2.jpg","width":1920,"height":2876,"caption":"Yves Buliard"},"logo":{"@id":"https:\/\/www.yvesbuliard.fr\/#\/schema\/person\/image\/"}}]}},"_links":{"self":[{"href":"https:\/\/www.yvesbuliard.fr\/index.php?rest_route=\/wp\/v2\/pages\/285","targetHints":{"allow":["GET"]}}],"collection":[{"href":"https:\/\/www.yvesbuliard.fr\/index.php?rest_route=\/wp\/v2\/pages"}],"about":[{"href":"https:\/\/www.yvesbuliard.fr\/index.php?rest_route=\/wp\/v2\/types\/page"}],"author":[{"embeddable":true,"href":"https:\/\/www.yvesbuliard.fr\/index.php?rest_route=\/wp\/v2\/users\/1"}],"replies":[{"embeddable":true,"href":"https:\/\/www.yvesbuliard.fr\/index.php?rest_route=%2Fwp%2Fv2%2Fcomments&post=285"}],"version-history":[{"count":20,"href":"https:\/\/www.yvesbuliard.fr\/index.php?rest_route=\/wp\/v2\/pages\/285\/revisions"}],"predecessor-version":[{"id":1666,"href":"https:\/\/www.yvesbuliard.fr\/index.php?rest_route=\/wp\/v2\/pages\/285\/revisions\/1666"}],"wp:attachment":[{"href":"https:\/\/www.yvesbuliard.fr\/index.php?rest_route=%2Fwp%2Fv2%2Fmedia&parent=285"}],"curies":[{"name":"wp","href":"https:\/\/api.w.org\/{rel}","templated":true}]}}