{"id":301,"date":"2018-05-21T18:15:29","date_gmt":"2018-05-21T16:15:29","guid":{"rendered":"http:\/\/www.yvesbuliard.fr\/?page_id=301"},"modified":"2023-01-02T15:25:01","modified_gmt":"2023-01-02T14:25:01","slug":"luxe","status":"publish","type":"page","link":"https:\/\/www.yvesbuliard.fr\/?page_id=301","title":{"rendered":"Luxe et pr\u00eat-\u00e0-porter"},"content":{"rendered":"<p>[et_pb_section fb_built=\u00a0\u00bb1&Prime; custom_padding_last_edited=\u00a0\u00bbon|phone\u00a0\u00bb _builder_version=\u00a0\u00bb3.29.3&Prime; background_color=\u00a0\u00bb#000000&Prime; custom_padding=\u00a0\u00bb28px|0px|54px|0px\u00a0\u00bb custom_padding_phone=\u00a0\u00bb2%||2%|\u00a0\u00bb box_shadow_style=\u00a0\u00bbpreset6&Prime; box_shadow_vertical=\u00a0\u00bb1px\u00a0\u00bb box_shadow_blur=\u00a0\u00bb25px\u00a0\u00bb fb_built=\u00a0\u00bb1&Prime; _i=\u00a0\u00bb0&Prime; _address=\u00a0\u00bb0&Prime;][et_pb_row _builder_version=\u00a0\u00bb3.29.3&Prime; custom_margin=\u00a0\u00bb|auto||577px||\u00a0\u00bb hover_enabled=\u00a0\u00bb0&Prime; _i=\u00a0\u00bb0&Prime; _address=\u00a0\u00bb0.0&Prime; custom_padding=\u00a0\u00bb|||0px||\u00a0\u00bb module_alignment=\u00a0\u00bbcenter\u00a0\u00bb module_alignment_last_edited=\u00a0\u00bbon|desktop\u00a0\u00bb][et_pb_column type=\u00a0\u00bb4_4&Prime; _builder_version=\u00a0\u00bb3.25&Prime; custom_padding=\u00a0\u00bb|||\u00a0\u00bb _i=\u00a0\u00bb0&Prime; _address=\u00a0\u00bb0.0.0&Prime; custom_padding__hover=\u00a0\u00bb|||\u00a0\u00bb][et_pb_text _builder_version=\u00a0\u00bb3.29.3&Prime; text_font=\u00a0\u00bbAssistant||||||||\u00a0\u00bb text_font_size=\u00a0\u00bb17px\u00a0\u00bb header_font=\u00a0\u00bb||||||||\u00a0\u00bb header_font_size=\u00a0\u00bb51px\u00a0\u00bb header_3_font=\u00a0\u00bb||||||||\u00a0\u00bb header_3_font_size=\u00a0\u00bb39px\u00a0\u00bb text_orientation=\u00a0\u00bbjustified\u00a0\u00bb background_layout=\u00a0\u00bbdark\u00a0\u00bb custom_margin_last_edited=\u00a0\u00bbon|desktop\u00a0\u00bb custom_padding=\u00a0\u00bb|||\u00a0\u00bb custom_padding_last_edited=\u00a0\u00bbon|desktop\u00a0\u00bb hover_enabled=\u00a0\u00bb0&Prime; text_font_size_phone=\u00a0\u00bb12px\u00a0\u00bb text_font_size_last_edited=\u00a0\u00bbon|phone\u00a0\u00bb text_letter_spacing_last_edited=\u00a0\u00bbon|desktop\u00a0\u00bb _i=\u00a0\u00bb0&Prime; _address=\u00a0\u00bb0.0.0.0&Prime; inline_fonts=\u00a0\u00bbGeorgia\u00a0\u00bb]<\/p>\n<h1 style=\"text-align: justify;\">Luxe et pr\u00eat-\u00e0-<span style=\"font-family: Georgia; font-weight: normal;\">porter<\/span><\/h1>\n<p style=\"text-align: justify;\">Je suis directeur artistique freelance luxe et pr\u00eat-\u00e0-porter. J&rsquo;ai travaill\u00e9 2 ans au d\u00e9but de ma carri\u00e8re dans un studio de cr\u00e9ation sp\u00e9cialis\u00e9 dans le pr\u00eat-\u00e0-porter et l&rsquo;habillement. J&rsquo;ai cr\u00e9\u00e9 un grand nombre de logos (voir page logo) catalogues, \u00e9tiquettes, griffes, directions de prise de vue, retouches et PLV. Puis dans la cosm\u00e9tique j&rsquo;ai collabor\u00e9 avec Sothys, La cure Officine et enfin j&rsquo;ai r\u00e9alis\u00e9 des brochures pour Louis Vuitton.<\/p>\n<p>[\/et_pb_text][\/et_pb_column][\/et_pb_row][\/et_pb_section][et_pb_section fb_built=\u00a0\u00bb1&Prime; _builder_version=\u00a0\u00bb3.22&Prime; background_color=\u00a0\u00bb#000000&Prime; fb_built=\u00a0\u00bb1&Prime; _i=\u00a0\u00bb1&Prime; _address=\u00a0\u00bb1&Prime;][et_pb_row _builder_version=\u00a0\u00bb3.25&Prime; _i=\u00a0\u00bb0&Prime; _address=\u00a0\u00bb1.0&Prime;][et_pb_column type=\u00a0\u00bb4_4&Prime; _builder_version=\u00a0\u00bb3.25&Prime; custom_padding=\u00a0\u00bb|||\u00a0\u00bb _i=\u00a0\u00bb0&Prime; _address=\u00a0\u00bb1.0.0&Prime; custom_padding__hover=\u00a0\u00bb|||\u00a0\u00bb][et_pb_text _builder_version=\u00a0\u00bb3.27.4&Prime; text_font=\u00a0\u00bb|||on|||||\u00a0\u00bb text_font_size=\u00a0\u00bb11px\u00a0\u00bb text_line_height=\u00a0\u00bb1em\u00a0\u00bb background_layout=\u00a0\u00bbdark\u00a0\u00bb max_width=\u00a0\u00bb86%\u00a0\u00bb border_width_left=\u00a0\u00bb1px\u00a0\u00bb border_color_left=\u00a0\u00bb#ffffff\u00a0\u00bb _i=\u00a0\u00bb0&Prime; _address=\u00a0\u00bb1.0.0.0&Prime;]<\/p>\n<p><span style=\"font-size: x-small;\">\u00a0 \u00a0 \u00a0Cliquez sur une image pour l&rsquo;agrandir et ouvrir le diaporama<\/span><\/p>\n<p>[\/et_pb_text][\/et_pb_column][\/et_pb_row][et_pb_row _builder_version=\u00a0\u00bb3.25&Prime; _i=\u00a0\u00bb1&Prime; _address=\u00a0\u00bb1.1&Prime;][et_pb_column type=\u00a0\u00bb4_4&Prime; _builder_version=\u00a0\u00bb3.25&Prime; custom_padding=\u00a0\u00bb|||\u00a0\u00bb _i=\u00a0\u00bb0&Prime; _address=\u00a0\u00bb1.1.0&Prime; custom_padding__hover=\u00a0\u00bb|||\u00a0\u00bb][et_pb_text _builder_version=\u00a0\u00bb3.27.4&Prime; custom_margin=\u00a0\u00bb1%|||\u00a0\u00bb _i=\u00a0\u00bb0&Prime; _address=\u00a0\u00bb1.1.0.0&Prime;]\r\n\t\t\t\t\t\n\r\n\t\t\t\t\t<!-- START UNITE GALLERY 1.7.45 -->\r\n\t\t\t\t\t\r\n\t\t\t\t\n\t\t\t<div id='unitegallery_14_1' class='unite-gallery'>\n\t\t\t\t\n\n\t\t\t\t\t\t<img decoding=\"async\" alt=\"Spencer, cr\u00e9ation du catalogue hiver\"\n\t\t\t\t\t\t     src=\"\" data-image=\"https:\/\/www.yvesbuliard.fr\/wp-content\/uploads\/2018\/12\/spencer1.jpg\"\n\t\t\t\t\t\t     data-thumb=\"https:\/\/www.yvesbuliard.fr\/wp-content\/uploads\/2018\/12\/spencer1-739x768.jpg\"\n\t\t\t\t\t\t     title=\"Spencer, cr\u00e9ation du catalogue hiver\"\n\t\t\t\t\t\t     style=\"display:none\">\n\n\t\t\t\t\t\t<img decoding=\"async\" alt=\"Spencer, cr\u00e9ation du catalogue hiver\"\n\t\t\t\t\t\t     src=\"\" data-image=\"https:\/\/www.yvesbuliard.fr\/wp-content\/uploads\/2018\/12\/spencer2bis.jpg\"\n\t\t\t\t\t\t     data-thumb=\"https:\/\/www.yvesbuliard.fr\/wp-content\/uploads\/2018\/12\/spencer2bis-768x512.jpg\"\n\t\t\t\t\t\t     title=\"Spencer, cr\u00e9ation du catalogue hiver\"\n\t\t\t\t\t\t     style=\"display:none\">\n\n\t\t\t\t\t\t<img decoding=\"async\" alt=\"Spencer, cr\u00e9ation du catalogue hiver\"\n\t\t\t\t\t\t     src=\"\" data-image=\"https:\/\/www.yvesbuliard.fr\/wp-content\/uploads\/2018\/12\/spencer2.jpg\"\n\t\t\t\t\t\t     data-thumb=\"https:\/\/www.yvesbuliard.fr\/wp-content\/uploads\/2018\/12\/spencer2-768x512.jpg\"\n\t\t\t\t\t\t     title=\"Spencer, cr\u00e9ation du catalogue hiver\"\n\t\t\t\t\t\t     style=\"display:none\">\n\n\t\t\t\t\t\t<img decoding=\"async\" alt=\"Spencer, cr\u00e9ation du catalogue hiver\"\n\t\t\t\t\t\t     src=\"\" data-image=\"https:\/\/www.yvesbuliard.fr\/wp-content\/uploads\/2018\/12\/spencer3.jpg\"\n\t\t\t\t\t\t     data-thumb=\"https:\/\/www.yvesbuliard.fr\/wp-content\/uploads\/2018\/12\/spencer3-768x512.jpg\"\n\t\t\t\t\t\t     title=\"Spencer, cr\u00e9ation du catalogue hiver\"\n\t\t\t\t\t\t     style=\"display:none\">\n\n\t\t\t\t\t\t<img decoding=\"async\" alt=\"Book d'\u00e9tiquette produites pour des marques de pr\u00eat-\u00e0-porter\"\n\t\t\t\t\t\t     src=\"\" data-image=\"https:\/\/www.yvesbuliard.fr\/wp-content\/uploads\/2018\/12\/IMG_2749-copie.jpg\"\n\t\t\t\t\t\t     data-thumb=\"https:\/\/www.yvesbuliard.fr\/wp-content\/uploads\/2018\/12\/IMG_2749-copie-768x505.jpg\"\n\t\t\t\t\t\t     title=\"Book d'\u00e9tiquette produites pour des marques de pr\u00eat-\u00e0-porter\"\n\t\t\t\t\t\t     style=\"display:none\">\n\n\t\t\t\t\t\t<img decoding=\"async\" alt=\"Book d'\u00e9tiquette produites pour des marques de pr\u00eat-\u00e0-porter\"\n\t\t\t\t\t\t     src=\"\" data-image=\"https:\/\/www.yvesbuliard.fr\/wp-content\/uploads\/2018\/12\/eit4.jpg\"\n\t\t\t\t\t\t     data-thumb=\"https:\/\/www.yvesbuliard.fr\/wp-content\/uploads\/2018\/12\/eit4-768x512.jpg\"\n\t\t\t\t\t\t     title=\"Book d'\u00e9tiquette produites pour des marques de pr\u00eat-\u00e0-porter\"\n\t\t\t\t\t\t     style=\"display:none\">\n\n\t\t\t\t\t\t<img decoding=\"async\" alt=\"Laura Aime, catalogue hiver (encres m\u00e9tallis\u00e9es)\"\n\t\t\t\t\t\t     src=\"\" data-image=\"https:\/\/www.yvesbuliard.fr\/wp-content\/uploads\/2018\/12\/lauraaime1.jpg\"\n\t\t\t\t\t\t     data-thumb=\"https:\/\/www.yvesbuliard.fr\/wp-content\/uploads\/2018\/12\/lauraaime1-768x476.jpg\"\n\t\t\t\t\t\t     title=\"Laura Aime, catalogue hiver (encres m\u00e9tallis\u00e9es)\"\n\t\t\t\t\t\t     style=\"display:none\">\n\n\t\t\t\t\t\t<img decoding=\"async\" alt=\"Laura Aime, catalogue hiver (encres m\u00e9tallis\u00e9es)\"\n\t\t\t\t\t\t     src=\"\" data-image=\"https:\/\/www.yvesbuliard.fr\/wp-content\/uploads\/2018\/12\/lauraime2bis.jpg\"\n\t\t\t\t\t\t     data-thumb=\"https:\/\/www.yvesbuliard.fr\/wp-content\/uploads\/2018\/12\/lauraime2bis-768x261.jpg\"\n\t\t\t\t\t\t     title=\"Laura Aime, catalogue hiver (encres m\u00e9tallis\u00e9es)\"\n\t\t\t\t\t\t     style=\"display:none\">\n\n\t\t\t\t\t\t<img decoding=\"async\" alt=\"Laura Aime, catalogue hiver (encres m\u00e9tallis\u00e9es)\"\n\t\t\t\t\t\t     src=\"\" data-image=\"https:\/\/www.yvesbuliard.fr\/wp-content\/uploads\/2018\/12\/lauraaime3.jpg\"\n\t\t\t\t\t\t     data-thumb=\"https:\/\/www.yvesbuliard.fr\/wp-content\/uploads\/2018\/12\/lauraaime3-768x236.jpg\"\n\t\t\t\t\t\t     title=\"Laura Aime, catalogue hiver (encres m\u00e9tallis\u00e9es)\"\n\t\t\t\t\t\t     style=\"display:none\">\n\n\t\t\t\t\t\t<img decoding=\"async\" alt=\"Laura Aime, catalogue hiver (encres m\u00e9tallis\u00e9es)\"\n\t\t\t\t\t\t     src=\"\" data-image=\"https:\/\/www.yvesbuliard.fr\/wp-content\/uploads\/2018\/12\/lauraaime4.jpg\"\n\t\t\t\t\t\t     data-thumb=\"https:\/\/www.yvesbuliard.fr\/wp-content\/uploads\/2018\/12\/lauraaime4-768x226.jpg\"\n\t\t\t\t\t\t     title=\"Laura Aime, catalogue hiver (encres m\u00e9tallis\u00e9es)\"\n\t\t\t\t\t\t     style=\"display:none\">\n\n\t\t\t\t\t\t<img decoding=\"async\" alt=\"SP, catalogue \u00e9t\u00e9\"\n\t\t\t\t\t\t     src=\"\" data-image=\"https:\/\/www.yvesbuliard.fr\/wp-content\/uploads\/2018\/12\/sp2.jpg\"\n\t\t\t\t\t\t     data-thumb=\"https:\/\/www.yvesbuliard.fr\/wp-content\/uploads\/2018\/12\/sp2-768x387.jpg\"\n\t\t\t\t\t\t     title=\"SP, catalogue \u00e9t\u00e9\"\n\t\t\t\t\t\t     style=\"display:none\">\n\n\t\t\t\t\t\t<img decoding=\"async\" alt=\"SP, catalogue \u00e9t\u00e9\"\n\t\t\t\t\t\t     src=\"\" data-image=\"https:\/\/www.yvesbuliard.fr\/wp-content\/uploads\/2018\/12\/sp4.jpg\"\n\t\t\t\t\t\t     data-thumb=\"https:\/\/www.yvesbuliard.fr\/wp-content\/uploads\/2018\/12\/sp4-768x562.jpg\"\n\t\t\t\t\t\t     title=\"SP, catalogue \u00e9t\u00e9\"\n\t\t\t\t\t\t     style=\"display:none\">\n\n\t\t\t\t\t\t<img decoding=\"async\" alt=\"SP, catalogue \u00e9t\u00e9\"\n\t\t\t\t\t\t     src=\"\" data-image=\"https:\/\/www.yvesbuliard.fr\/wp-content\/uploads\/2018\/12\/sp3.jpg\"\n\t\t\t\t\t\t     data-thumb=\"https:\/\/www.yvesbuliard.fr\/wp-content\/uploads\/2018\/12\/sp3-768x553.jpg\"\n\t\t\t\t\t\t     title=\"SP, catalogue \u00e9t\u00e9\"\n\t\t\t\t\t\t     style=\"display:none\">\n\n\t\t\t\t\t\t<img decoding=\"async\" alt=\"SP, catalogue \u00e9t\u00e9\"\n\t\t\t\t\t\t     src=\"\" data-image=\"https:\/\/www.yvesbuliard.fr\/wp-content\/uploads\/2018\/12\/sp5.jpg\"\n\t\t\t\t\t\t     data-thumb=\"https:\/\/www.yvesbuliard.fr\/wp-content\/uploads\/2018\/12\/sp5-768x418.jpg\"\n\t\t\t\t\t\t     title=\"SP, catalogue \u00e9t\u00e9\"\n\t\t\t\t\t\t     style=\"display:none\">\n\n\t\t\t\t\t\t<img decoding=\"async\" alt=\"lacure officine\"\n\t\t\t\t\t\t     src=\"\" data-image=\"https:\/\/www.yvesbuliard.fr\/wp-content\/uploads\/2018\/12\/lacure-5.jpg\"\n\t\t\t\t\t\t     data-thumb=\"https:\/\/www.yvesbuliard.fr\/wp-content\/uploads\/2018\/12\/lacure-5-768x559.jpg\"\n\t\t\t\t\t\t     title=\"refonte du site lacure officine\"\n\t\t\t\t\t\t     style=\"display:none\">\n\n\t\t\t\t\t\t<img decoding=\"async\" alt=\"suero-dpok2\"\n\t\t\t\t\t\t     src=\"\" data-image=\"https:\/\/www.yvesbuliard.fr\/wp-content\/uploads\/2018\/12\/suero-dpok2.jpg\"\n\t\t\t\t\t\t     data-thumb=\"https:\/\/www.yvesbuliard.fr\/wp-content\/uploads\/2018\/12\/suero-dpok2-543x768.jpg\"\n\t\t\t\t\t\t     title=\"Cr\u00e9ation du logo, du flaconnage et de l'identit\u00e9 visuelle des parfums Suero\"\n\t\t\t\t\t\t     style=\"display:none\">\n\n\t\t\t\t\t\t<img decoding=\"async\" alt=\"vuitton\"\n\t\t\t\t\t\t     src=\"\" data-image=\"https:\/\/www.yvesbuliard.fr\/wp-content\/uploads\/2018\/12\/vuitton1.jpg\"\n\t\t\t\t\t\t     data-thumb=\"https:\/\/www.yvesbuliard.fr\/wp-content\/uploads\/2018\/12\/vuitton1-549x768.jpg\"\n\t\t\t\t\t\t     title=\"Bulletin salarial annualis\u00e9 (BSI)\"\n\t\t\t\t\t\t     style=\"display:none\">\n\n\t\t\t\t\t\t<img decoding=\"async\" alt=\"edit-bsi-vuitton2\"\n\t\t\t\t\t\t     src=\"\" data-image=\"https:\/\/www.yvesbuliard.fr\/wp-content\/uploads\/2018\/04\/edit-bsi-vuitton2.jpg\"\n\t\t\t\t\t\t     data-thumb=\"https:\/\/www.yvesbuliard.fr\/wp-content\/uploads\/2018\/04\/edit-bsi-vuitton2.jpg\"\n\t\t\t\t\t\t     title=\"\"\n\t\t\t\t\t\t     style=\"display:none\">\n\n\t\t\t\t\t\t<img decoding=\"async\" alt=\"Sysley, cr\u00e9ation de dossiers de presse\"\n\t\t\t\t\t\t     src=\"\" data-image=\"https:\/\/www.yvesbuliard.fr\/wp-content\/uploads\/2018\/12\/sysleya3.jpg\"\n\t\t\t\t\t\t     data-thumb=\"https:\/\/www.yvesbuliard.fr\/wp-content\/uploads\/2018\/12\/sysleya3-768x563.jpg\"\n\t\t\t\t\t\t     title=\"Sysley, cr\u00e9ation de dossiers de presse\"\n\t\t\t\t\t\t     style=\"display:none\">\n\n\t\t\t\t\t\t<img decoding=\"async\" alt=\"Sothys, cr\u00e9ation de visuels, shooting et retouches\"\n\t\t\t\t\t\t     src=\"\" data-image=\"https:\/\/www.yvesbuliard.fr\/wp-content\/uploads\/2018\/12\/sothysphoto.jpg\"\n\t\t\t\t\t\t     data-thumb=\"https:\/\/www.yvesbuliard.fr\/wp-content\/uploads\/2018\/12\/sothysphoto-578x768.jpg\"\n\t\t\t\t\t\t     title=\"Sothys, cr\u00e9ation de visuels, shooting et retouches\"\n\t\t\t\t\t\t     style=\"display:none\">\n\n\t\t\t\t\t\t<img decoding=\"async\" alt=\"erborian cr\u00e9ation de la camapgne\"\n\t\t\t\t\t\t     src=\"\" data-image=\"https:\/\/www.yvesbuliard.fr\/wp-content\/uploads\/2018\/12\/erborian-1.jpg\"\n\t\t\t\t\t\t     data-thumb=\"https:\/\/www.yvesbuliard.fr\/wp-content\/uploads\/2018\/12\/erborian-1-540x768.jpg\"\n\t\t\t\t\t\t     title=\"erborian cr\u00e9ation de la campagne\"\n\t\t\t\t\t\t     style=\"display:none\">\n\n\t\t\t\t\t\t<img decoding=\"async\" alt=\"HP-panneaupdf\"\n\t\t\t\t\t\t     src=\"\" data-image=\"https:\/\/www.yvesbuliard.fr\/wp-content\/uploads\/2024\/03\/HP-panneaupdf.jpg\"\n\t\t\t\t\t\t     data-thumb=\"https:\/\/www.yvesbuliard.fr\/wp-content\/uploads\/2024\/03\/HP-panneaupdf-430x768.jpg\"\n\t\t\t\t\t\t     title=\"\"\n\t\t\t\t\t\t     style=\"display:none\">\n\t\t\t<\/div>\n\n\t\t\t<script type='text\/javascript'>\n\t\t\t\twindow.onload = function(e) {\n\t\t\t\t\tif(typeof ugCheckForErrors == \"undefined\"){\n\t\t\t\t\t\tdocument.getElementById(\"unitegallery_14_1\").innerHTML = \"<span style='color:red'>Unite Gallery Error - gallery js and css files not included in the footer. Please make sure that wp_footer() function is added to your theme.<\/span>\";}\n\t\t\t\t\telse{ ugCheckForErrors(\"unitegallery_14_1\", \"jquery\");}\n\t\t\t\t};\n\t\t\t<\/script>\n\n\t\t\t<!-- END UNITEGALLERY -->[\/et_pb_text][\/et_pb_column][\/et_pb_row][\/et_pb_section][et_pb_section fb_built=\u00a0\u00bb1&Prime; custom_padding_last_edited=\u00a0\u00bbon|phone\u00a0\u00bb _builder_version=\u00a0\u00bb3.0.106&Prime; background_color=\u00a0\u00bb#303030&Prime; custom_padding=\u00a0\u00bb25px|0px|34px|0px\u00a0\u00bb custom_padding_phone=\u00a0\u00bb1%|||\u00a0\u00bb box_shadow_style=\u00a0\u00bbpreset6&Prime; box_shadow_horizontal=\u00a0\u00bb-3px\u00a0\u00bb box_shadow_vertical=\u00a0\u00bb17px\u00a0\u00bb box_shadow_blur=\u00a0\u00bb31px\u00a0\u00bb box_shadow_spread=\u00a0\u00bb-7px\u00a0\u00bb box_shadow_color=\u00a0\u00bbrgba(0,0,0,0.31)\u00a0\u00bb global_module=\u00a0\u00bb148&Prime; saved_tabs=\u00a0\u00bball\u00a0\u00bb fb_built=\u00a0\u00bb1&Prime; _i=\u00a0\u00bb4&Prime; _address=\u00a0\u00bb4&Prime;][et_pb_row _builder_version=\u00a0\u00bb3.25&Prime; _i=\u00a0\u00bb0&Prime; _address=\u00a0\u00bb2.0&Prime;][et_pb_column type=\u00a0\u00bb4_4&Prime; _builder_version=\u00a0\u00bb3.25&Prime; custom_padding=\u00a0\u00bb|||\u00a0\u00bb _i=\u00a0\u00bb0&Prime; _address=\u00a0\u00bb2.0.0&Prime; custom_padding__hover=\u00a0\u00bb|||\u00a0\u00bb][et_pb_text _builder_version=\u00a0\u00bb3.27.4&Prime; text_font=\u00a0\u00bb||||||||\u00a0\u00bb text_font_size=\u00a0\u00bb15px\u00a0\u00bb text_line_height=\u00a0\u00bb1.5em\u00a0\u00bb background_layout=\u00a0\u00bbdark\u00a0\u00bb inline_fonts=\u00a0\u00bbAlice\u00a0\u00bb _i=\u00a0\u00bb0&Prime; _address=\u00a0\u00bb2.0.0.0&Prime;]<\/p>\n<p>CONTACT<\/p>\n<p>\u00a0<\/p>\n<p>[\/et_pb_text][et_pb_text _builder_version=\u00a0\u00bb3.29.3&Prime; text_font=\u00a0\u00bb||||||||\u00a0\u00bb text_font_size=\u00a0\u00bb18px\u00a0\u00bb header_font=\u00a0\u00bb||||||||\u00a0\u00bb header_font_size=\u00a0\u00bb27px\u00a0\u00bb custom_margin=\u00a0\u00bb-50||-15px|\u00a0\u00bb custom_padding=\u00a0\u00bb|||\u00a0\u00bb inline_fonts=\u00a0\u00bbAlice\u00a0\u00bb _i=\u00a0\u00bb1&Prime; _address=\u00a0\u00bb2.0.0.1&Prime;]<\/p>\n<p><span style=\"color: #ffffff;\"> <span style=\"font-size: x-large;\">06 67 29 85 43\u00a0<\/span> \u00a0I\u00a0 <\/span><a href=\"mailto:%20yvesbuliard@gmail.com\"><span style=\"color: #ffffff;\">yvesbuliard@gmail.com<\/span><\/a><\/p>\n<p>[\/et_pb_text][\/et_pb_column][\/et_pb_row][\/et_pb_section]<\/p>\n","protected":false},"excerpt":{"rendered":"<p>Luxe et pr\u00eat-\u00e0-porter Je suis directeur artistique freelance luxe et pr\u00eat-\u00e0-porter. J&rsquo;ai travaill\u00e9 2 ans au d\u00e9but de ma carri\u00e8re dans un studio de cr\u00e9ation sp\u00e9cialis\u00e9 dans le pr\u00eat-\u00e0-porter et l&rsquo;habillement. J&rsquo;ai cr\u00e9\u00e9 un grand nombre de logos (voir page logo) catalogues, \u00e9tiquettes, griffes, directions de prise de vue, retouches et PLV. Puis dans la [&hellip;]<\/p>\n","protected":false},"author":1,"featured_media":0,"parent":0,"menu_order":0,"comment_status":"closed","ping_status":"closed","template":"","meta":{"_et_pb_use_builder":"on","_et_pb_old_content":"","_et_gb_content_width":"","footnotes":""},"class_list":["post-301","page","type-page","status-publish","hentry"],"yoast_head":"<!-- This site is optimized with the Yoast SEO plugin v24.6 - https:\/\/yoast.com\/wordpress\/plugins\/seo\/ -->\n<title>Luxe et pr\u00eat-\u00e0-porter - yvesbuliard.fr<\/title>\n<meta name=\"description\" content=\"Directeur artistique freelance luxe. Cr\u00e9ation de catalogues, \u00e9tiquettes, photos, campagnes, shootings, packagings\" \/>\n<meta name=\"robots\" content=\"index, follow, max-snippet:-1, max-image-preview:large, max-video-preview:-1\" \/>\n<link rel=\"canonical\" href=\"https:\/\/www.yvesbuliard.fr\/?page_id=301\" \/>\n<meta property=\"og:locale\" content=\"fr_FR\" \/>\n<meta property=\"og:type\" content=\"article\" \/>\n<meta property=\"og:title\" content=\"Luxe et pr\u00eat-\u00e0-porter - yvesbuliard.fr\" \/>\n<meta property=\"og:description\" content=\"Directeur artistique freelance luxe. Cr\u00e9ation de catalogues, \u00e9tiquettes, photos, campagnes, shootings, packagings\" \/>\n<meta property=\"og:url\" content=\"https:\/\/www.yvesbuliard.fr\/?page_id=301\" \/>\n<meta property=\"og:site_name\" content=\"yvesbuliard.fr\" \/>\n<meta property=\"article:modified_time\" content=\"2023-01-02T14:25:01+00:00\" \/>\n<meta name=\"twitter:card\" content=\"summary_large_image\" \/>\n<meta name=\"twitter:label1\" content=\"Dur\u00e9e de lecture estim\u00e9e\" \/>\n\t<meta name=\"twitter:data1\" content=\"3 minutes\" \/>\n<script type=\"application\/ld+json\" class=\"yoast-schema-graph\">{\"@context\":\"https:\/\/schema.org\",\"@graph\":[{\"@type\":\"WebPage\",\"@id\":\"https:\/\/www.yvesbuliard.fr\/?page_id=301\",\"url\":\"https:\/\/www.yvesbuliard.fr\/?page_id=301\",\"name\":\"Luxe et pr\u00eat-\u00e0-porter - yvesbuliard.fr\",\"isPartOf\":{\"@id\":\"https:\/\/www.yvesbuliard.fr\/#website\"},\"datePublished\":\"2018-05-21T16:15:29+00:00\",\"dateModified\":\"2023-01-02T14:25:01+00:00\",\"description\":\"Directeur artistique freelance luxe. Cr\u00e9ation de catalogues, \u00e9tiquettes, photos, campagnes, shootings, packagings\",\"breadcrumb\":{\"@id\":\"https:\/\/www.yvesbuliard.fr\/?page_id=301#breadcrumb\"},\"inLanguage\":\"fr-FR\",\"potentialAction\":[{\"@type\":\"ReadAction\",\"target\":[\"https:\/\/www.yvesbuliard.fr\/?page_id=301\"]}]},{\"@type\":\"BreadcrumbList\",\"@id\":\"https:\/\/www.yvesbuliard.fr\/?page_id=301#breadcrumb\",\"itemListElement\":[{\"@type\":\"ListItem\",\"position\":1,\"name\":\"Accueil\",\"item\":\"https:\/\/www.yvesbuliard.fr\/\"},{\"@type\":\"ListItem\",\"position\":2,\"name\":\"Luxe et pr\u00eat-\u00e0-porter\"}]},{\"@type\":\"WebSite\",\"@id\":\"https:\/\/www.yvesbuliard.fr\/#website\",\"url\":\"https:\/\/www.yvesbuliard.fr\/\",\"name\":\"yvesbuliard.fr\",\"description\":\"directeur artistique freelance\",\"publisher\":{\"@id\":\"https:\/\/www.yvesbuliard.fr\/#\/schema\/person\/e1b40964e8226af0d41fbdc8803aa990\"},\"potentialAction\":[{\"@type\":\"SearchAction\",\"target\":{\"@type\":\"EntryPoint\",\"urlTemplate\":\"https:\/\/www.yvesbuliard.fr\/?s={search_term_string}\"},\"query-input\":{\"@type\":\"PropertyValueSpecification\",\"valueRequired\":true,\"valueName\":\"search_term_string\"}}],\"inLanguage\":\"fr-FR\"},{\"@type\":[\"Person\",\"Organization\"],\"@id\":\"https:\/\/www.yvesbuliard.fr\/#\/schema\/person\/e1b40964e8226af0d41fbdc8803aa990\",\"name\":\"Yves Buliard\",\"image\":{\"@type\":\"ImageObject\",\"inLanguage\":\"fr-FR\",\"@id\":\"https:\/\/www.yvesbuliard.fr\/#\/schema\/person\/image\/\",\"url\":\"https:\/\/www.yvesbuliard.fr\/wp-content\/uploads\/2022\/12\/portrait-pro-2.jpg\",\"contentUrl\":\"https:\/\/www.yvesbuliard.fr\/wp-content\/uploads\/2022\/12\/portrait-pro-2.jpg\",\"width\":1920,\"height\":2876,\"caption\":\"Yves Buliard\"},\"logo\":{\"@id\":\"https:\/\/www.yvesbuliard.fr\/#\/schema\/person\/image\/\"}}]}<\/script>\n<!-- \/ Yoast SEO plugin. -->","yoast_head_json":{"title":"Luxe et pr\u00eat-\u00e0-porter - yvesbuliard.fr","description":"Directeur artistique freelance luxe. Cr\u00e9ation de catalogues, \u00e9tiquettes, photos, campagnes, shootings, packagings","robots":{"index":"index","follow":"follow","max-snippet":"max-snippet:-1","max-image-preview":"max-image-preview:large","max-video-preview":"max-video-preview:-1"},"canonical":"https:\/\/www.yvesbuliard.fr\/?page_id=301","og_locale":"fr_FR","og_type":"article","og_title":"Luxe et pr\u00eat-\u00e0-porter - yvesbuliard.fr","og_description":"Directeur artistique freelance luxe. Cr\u00e9ation de catalogues, \u00e9tiquettes, photos, campagnes, shootings, packagings","og_url":"https:\/\/www.yvesbuliard.fr\/?page_id=301","og_site_name":"yvesbuliard.fr","article_modified_time":"2023-01-02T14:25:01+00:00","twitter_card":"summary_large_image","twitter_misc":{"Dur\u00e9e de lecture estim\u00e9e":"3 minutes"},"schema":{"@context":"https:\/\/schema.org","@graph":[{"@type":"WebPage","@id":"https:\/\/www.yvesbuliard.fr\/?page_id=301","url":"https:\/\/www.yvesbuliard.fr\/?page_id=301","name":"Luxe et pr\u00eat-\u00e0-porter - yvesbuliard.fr","isPartOf":{"@id":"https:\/\/www.yvesbuliard.fr\/#website"},"datePublished":"2018-05-21T16:15:29+00:00","dateModified":"2023-01-02T14:25:01+00:00","description":"Directeur artistique freelance luxe. Cr\u00e9ation de catalogues, \u00e9tiquettes, photos, campagnes, shootings, packagings","breadcrumb":{"@id":"https:\/\/www.yvesbuliard.fr\/?page_id=301#breadcrumb"},"inLanguage":"fr-FR","potentialAction":[{"@type":"ReadAction","target":["https:\/\/www.yvesbuliard.fr\/?page_id=301"]}]},{"@type":"BreadcrumbList","@id":"https:\/\/www.yvesbuliard.fr\/?page_id=301#breadcrumb","itemListElement":[{"@type":"ListItem","position":1,"name":"Accueil","item":"https:\/\/www.yvesbuliard.fr\/"},{"@type":"ListItem","position":2,"name":"Luxe et pr\u00eat-\u00e0-porter"}]},{"@type":"WebSite","@id":"https:\/\/www.yvesbuliard.fr\/#website","url":"https:\/\/www.yvesbuliard.fr\/","name":"yvesbuliard.fr","description":"directeur artistique freelance","publisher":{"@id":"https:\/\/www.yvesbuliard.fr\/#\/schema\/person\/e1b40964e8226af0d41fbdc8803aa990"},"potentialAction":[{"@type":"SearchAction","target":{"@type":"EntryPoint","urlTemplate":"https:\/\/www.yvesbuliard.fr\/?s={search_term_string}"},"query-input":{"@type":"PropertyValueSpecification","valueRequired":true,"valueName":"search_term_string"}}],"inLanguage":"fr-FR"},{"@type":["Person","Organization"],"@id":"https:\/\/www.yvesbuliard.fr\/#\/schema\/person\/e1b40964e8226af0d41fbdc8803aa990","name":"Yves Buliard","image":{"@type":"ImageObject","inLanguage":"fr-FR","@id":"https:\/\/www.yvesbuliard.fr\/#\/schema\/person\/image\/","url":"https:\/\/www.yvesbuliard.fr\/wp-content\/uploads\/2022\/12\/portrait-pro-2.jpg","contentUrl":"https:\/\/www.yvesbuliard.fr\/wp-content\/uploads\/2022\/12\/portrait-pro-2.jpg","width":1920,"height":2876,"caption":"Yves Buliard"},"logo":{"@id":"https:\/\/www.yvesbuliard.fr\/#\/schema\/person\/image\/"}}]}},"_links":{"self":[{"href":"https:\/\/www.yvesbuliard.fr\/index.php?rest_route=\/wp\/v2\/pages\/301","targetHints":{"allow":["GET"]}}],"collection":[{"href":"https:\/\/www.yvesbuliard.fr\/index.php?rest_route=\/wp\/v2\/pages"}],"about":[{"href":"https:\/\/www.yvesbuliard.fr\/index.php?rest_route=\/wp\/v2\/types\/page"}],"author":[{"embeddable":true,"href":"https:\/\/www.yvesbuliard.fr\/index.php?rest_route=\/wp\/v2\/users\/1"}],"replies":[{"embeddable":true,"href":"https:\/\/www.yvesbuliard.fr\/index.php?rest_route=%2Fwp%2Fv2%2Fcomments&post=301"}],"version-history":[{"count":11,"href":"https:\/\/www.yvesbuliard.fr\/index.php?rest_route=\/wp\/v2\/pages\/301\/revisions"}],"predecessor-version":[{"id":1518,"href":"https:\/\/www.yvesbuliard.fr\/index.php?rest_route=\/wp\/v2\/pages\/301\/revisions\/1518"}],"wp:attachment":[{"href":"https:\/\/www.yvesbuliard.fr\/index.php?rest_route=%2Fwp%2Fv2%2Fmedia&parent=301"}],"curies":[{"name":"wp","href":"https:\/\/api.w.org\/{rel}","templated":true}]}}