{"id":303,"date":"2018-05-21T18:16:14","date_gmt":"2018-05-21T16:16:14","guid":{"rendered":"http:\/\/www.yvesbuliard.fr\/?page_id=303"},"modified":"2022-12-30T14:43:07","modified_gmt":"2022-12-30T13:43:07","slug":"charte-graphique","status":"publish","type":"page","link":"https:\/\/www.yvesbuliard.fr\/?page_id=303","title":{"rendered":"Charte graphique"},"content":{"rendered":"\n[et_pb_section fb_built=\u00a0\u00bb1&Prime; custom_padding_last_edited=\u00a0\u00bbon|phone\u00a0\u00bb _builder_version=\u00a0\u00bb3.29.3&Prime; background_color=\u00a0\u00bb#000000&Prime; custom_padding=\u00a0\u00bb28px|0px|54px|0px\u00a0\u00bb custom_padding_phone=\u00a0\u00bb2%||2%|\u00a0\u00bb hover_enabled=\u00a0\u00bb0&Prime; box_shadow_style=\u00a0\u00bbpreset6&Prime; box_shadow_vertical=\u00a0\u00bb1px\u00a0\u00bb box_shadow_blur=\u00a0\u00bb25px\u00a0\u00bb fb_built=\u00a0\u00bb1&Prime; _i=\u00a0\u00bb0&Prime; _address=\u00a0\u00bb0&Prime;][et_pb_row _builder_version=\u00a0\u00bb3.25&Prime; _i=\u00a0\u00bb0&Prime; _address=\u00a0\u00bb0.0&Prime;][et_pb_column type=\u00a0\u00bb4_4&Prime; _builder_version=\u00a0\u00bb3.25&Prime; custom_padding=\u00a0\u00bb|||\u00a0\u00bb _i=\u00a0\u00bb0&Prime; _address=\u00a0\u00bb0.0.0&Prime; custom_padding__hover=\u00a0\u00bb|||\u00a0\u00bb][et_pb_text _builder_version=\u00a0\u00bb3.29.3&Prime; text_font=\u00a0\u00bbAssistant||||||||\u00a0\u00bb text_font_size=\u00a0\u00bb17px\u00a0\u00bb header_font=\u00a0\u00bb||||||||\u00a0\u00bb header_font_size=\u00a0\u00bb51px\u00a0\u00bb header_3_font=\u00a0\u00bb||||||||\u00a0\u00bb header_3_font_size=\u00a0\u00bb39px\u00a0\u00bb text_orientation=\u00a0\u00bbjustified\u00a0\u00bb background_layout=\u00a0\u00bbdark\u00a0\u00bb custom_margin_last_edited=\u00a0\u00bbon|desktop\u00a0\u00bb custom_padding=\u00a0\u00bb|||\u00a0\u00bb custom_padding_last_edited=\u00a0\u00bbon|desktop\u00a0\u00bb text_font_size_phone=\u00a0\u00bb12px\u00a0\u00bb text_font_size_last_edited=\u00a0\u00bbon|phone\u00a0\u00bb text_letter_spacing_last_edited=\u00a0\u00bbon|desktop\u00a0\u00bb _i=\u00a0\u00bb0&Prime; _address=\u00a0\u00bb0.0.0.0&Prime;]<h1>Chartes Graphiques<\/h1>\n<p>J&rsquo;ai eu l&rsquo;opportunit\u00e9 de cr\u00e9er totalement l&rsquo;identit\u00e9 et tous les outils de communication de nombreuses marques : les v\u00eatements \u00e0 LED HO hyperobjets, la soci\u00e9t\u00e9 de s\u00e9curit\u00e9 Scutum, les maisons de retraite M\u00e9dica, Apsys filiale de EADS et le Mouvement des Horlogers Bijoutiers, puis de r\u00e9diger les chartes graphiques.<\/p>[\/et_pb_text][\/et_pb_column][\/et_pb_row][\/et_pb_section][et_pb_section fb_built=\u00a0\u00bb1&Prime; _builder_version=\u00a0\u00bb3.22&Prime; background_color=\u00a0\u00bb#000000&Prime; fb_built=\u00a0\u00bb1&Prime; _i=\u00a0\u00bb1&Prime; _address=\u00a0\u00bb1&Prime;][et_pb_row _builder_version=\u00a0\u00bb3.25&Prime; _i=\u00a0\u00bb0&Prime; _address=\u00a0\u00bb1.0&Prime;][et_pb_column type=\u00a0\u00bb4_4&Prime; _builder_version=\u00a0\u00bb3.25&Prime; custom_padding=\u00a0\u00bb|||\u00a0\u00bb _i=\u00a0\u00bb0&Prime; _address=\u00a0\u00bb1.0.0&Prime; custom_padding__hover=\u00a0\u00bb|||\u00a0\u00bb][et_pb_text _builder_version=\u00a0\u00bb3.27.4&Prime; text_font=\u00a0\u00bb|||on|||||\u00a0\u00bb text_font_size=\u00a0\u00bb11px\u00a0\u00bb text_line_height=\u00a0\u00bb1em\u00a0\u00bb background_layout=\u00a0\u00bbdark\u00a0\u00bb max_width=\u00a0\u00bb86%\u00a0\u00bb border_width_left=\u00a0\u00bb1px\u00a0\u00bb border_color_left=\u00a0\u00bb#ffffff\u00a0\u00bb _i=\u00a0\u00bb0&Prime; _address=\u00a0\u00bb1.0.0.0&Prime;]<p><span style=\"font-size: x-small;\">\u00a0 \u00a0 \u00a0Cliquez sur une image pour l&rsquo;agrandir et ouvrir le diaporama<\/span><\/p>[\/et_pb_text][\/et_pb_column][\/et_pb_row][et_pb_row _builder_version=\u00a0\u00bb3.25&Prime; _i=\u00a0\u00bb1&Prime; _address=\u00a0\u00bb1.1&Prime;][et_pb_column type=\u00a0\u00bb4_4&Prime; _builder_version=\u00a0\u00bb3.25&Prime; custom_padding=\u00a0\u00bb|||\u00a0\u00bb _i=\u00a0\u00bb0&Prime; _address=\u00a0\u00bb1.1.0&Prime; custom_padding__hover=\u00a0\u00bb|||\u00a0\u00bb][et_pb_text _builder_version=\u00a0\u00bb3.27.4&Prime; _i=\u00a0\u00bb0&Prime; _address=\u00a0\u00bb1.1.0.0&Prime;]\r\n\t\t\t\t\t\n\r\n\t\t\t\t\t<!-- START UNITE GALLERY 1.7.45 -->\r\n\t\t\t\t\t\r\n\t\t\t\t\n\t\t\t<div id='unitegallery_11_1' class='unite-gallery'>\n\t\t\t\t\n\n\t\t\t\t\t\t<img decoding=\"async\" alt=\"Apsys, cr\u00e9ation de la charte graphique et des outils de communication\"\n\t\t\t\t\t\t     src=\"\" data-image=\"https:\/\/www.yvesbuliard.fr\/wp-content\/uploads\/2018\/12\/apsys-1.jpg\"\n\t\t\t\t\t\t     data-thumb=\"https:\/\/www.yvesbuliard.fr\/wp-content\/uploads\/2018\/12\/apsys-1-768x487.jpg\"\n\t\t\t\t\t\t     title=\"Apsys, cr\u00e9ation de la charte graphique et des outils de communication\"\n\t\t\t\t\t\t     style=\"display:none\">\n\n\t\t\t\t\t\t<img decoding=\"async\" alt=\"HO, cr\u00e9ation de la charte graphique et des outils de communication\"\n\t\t\t\t\t\t     src=\"\" data-image=\"https:\/\/www.yvesbuliard.fr\/wp-content\/uploads\/2018\/12\/ho-2.jpg\"\n\t\t\t\t\t\t     data-thumb=\"https:\/\/www.yvesbuliard.fr\/wp-content\/uploads\/2018\/12\/ho-2-768x512.jpg\"\n\t\t\t\t\t\t     title=\"HO, cr\u00e9ation de la charte graphique et des outils de communication\"\n\t\t\t\t\t\t     style=\"display:none\">\n\n\t\t\t\t\t\t<img decoding=\"async\" alt=\"M\u00e9dica, cr\u00e9ation de la charte graphique et des outils de communication\"\n\t\t\t\t\t\t     src=\"\" data-image=\"https:\/\/www.yvesbuliard.fr\/wp-content\/uploads\/2018\/12\/medica.jpg\"\n\t\t\t\t\t\t     data-thumb=\"https:\/\/www.yvesbuliard.fr\/wp-content\/uploads\/2018\/12\/medica-768x512.jpg\"\n\t\t\t\t\t\t     title=\"M\u00e9dica, cr\u00e9ation de la charte graphique et des outils de communication\"\n\t\t\t\t\t\t     style=\"display:none\">\n\n\t\t\t\t\t\t<img decoding=\"async\" alt=\"MHB, cr\u00e9ation de la charte graphique et des outils de communication\"\n\t\t\t\t\t\t     src=\"\" data-image=\"https:\/\/www.yvesbuliard.fr\/wp-content\/uploads\/2018\/12\/mhb-3.jpg\"\n\t\t\t\t\t\t     data-thumb=\"https:\/\/www.yvesbuliard.fr\/wp-content\/uploads\/2018\/12\/mhb-3-768x467.jpg\"\n\t\t\t\t\t\t     title=\"MHB, cr\u00e9ation de la charte graphique et des outils de communication\"\n\t\t\t\t\t\t     style=\"display:none\">\n\n\t\t\t\t\t\t<img decoding=\"async\" alt=\"Scutum, cr\u00e9ation de la charte graphique et des outils de communication\"\n\t\t\t\t\t\t     src=\"\" data-image=\"https:\/\/www.yvesbuliard.fr\/wp-content\/uploads\/2018\/12\/scutum-2.jpg\"\n\t\t\t\t\t\t     data-thumb=\"https:\/\/www.yvesbuliard.fr\/wp-content\/uploads\/2018\/12\/scutum-2-768x512.jpg\"\n\t\t\t\t\t\t     title=\"Scutum, cr\u00e9ation de la charte graphique et des outils de communication\"\n\t\t\t\t\t\t     style=\"display:none\">\n\n\t\t\t\t\t\t<img decoding=\"async\" alt=\"Scutum, habillage du si\u00e8ge\"\n\t\t\t\t\t\t     src=\"\" data-image=\"https:\/\/www.yvesbuliard.fr\/wp-content\/uploads\/2018\/12\/scutum-sie\u0300ge.jpg\"\n\t\t\t\t\t\t     data-thumb=\"https:\/\/www.yvesbuliard.fr\/wp-content\/uploads\/2018\/12\/scutum-sie\u0300ge-768x403.jpg\"\n\t\t\t\t\t\t     title=\"Scutum, habillage du si\u00e8ge\"\n\t\t\t\t\t\t     style=\"display:none\">\n\n\t\t\t\t\t\t<img decoding=\"async\" alt=\"Scutum, cr\u00e9ation des stands\"\n\t\t\t\t\t\t     src=\"\" data-image=\"https:\/\/www.yvesbuliard.fr\/wp-content\/uploads\/2018\/12\/scutum-stand.jpg\"\n\t\t\t\t\t\t     data-thumb=\"https:\/\/www.yvesbuliard.fr\/wp-content\/uploads\/2018\/12\/scutum-stand-768x576.jpg\"\n\t\t\t\t\t\t     title=\"Scutum, cr\u00e9ation des stands\"\n\t\t\t\t\t\t     style=\"display:none\">\n\n\t\t\t\t\t\t<img decoding=\"async\" alt=\"Scutum, habillage des v\u00e9hicules\"\n\t\t\t\t\t\t     src=\"\" data-image=\"https:\/\/www.yvesbuliard.fr\/wp-content\/uploads\/2018\/12\/scutum-voilture.jpg\"\n\t\t\t\t\t\t     data-thumb=\"https:\/\/www.yvesbuliard.fr\/wp-content\/uploads\/2018\/12\/scutum-voilture-768x311.jpg\"\n\t\t\t\t\t\t     title=\"Scutum, habillage des v\u00e9hicules\"\n\t\t\t\t\t\t     style=\"display:none\">\n\n\t\t\t\t\t\t<img decoding=\"async\" alt=\"fleux, cr\u00e9ation du logo et de l'univers visuel\"\n\t\t\t\t\t\t     src=\"\" data-image=\"https:\/\/www.yvesbuliard.fr\/wp-content\/uploads\/2018\/12\/fleux-charte.jpg\"\n\t\t\t\t\t\t     data-thumb=\"https:\/\/www.yvesbuliard.fr\/wp-content\/uploads\/2018\/12\/fleux-charte-768x512.jpg\"\n\t\t\t\t\t\t     title=\"fleux, cr\u00e9ation du logo et de l'univers visuel\"\n\t\t\t\t\t\t     style=\"display:none\">\n\n\t\t\t\t\t\t<img decoding=\"async\" alt=\"charte-neoptim\"\n\t\t\t\t\t\t     src=\"\" data-image=\"https:\/\/www.yvesbuliard.fr\/wp-content\/uploads\/2024\/05\/charte-neoptim.jpg\"\n\t\t\t\t\t\t     data-thumb=\"https:\/\/www.yvesbuliard.fr\/wp-content\/uploads\/2024\/05\/charte-neoptim-543x768.jpg\"\n\t\t\t\t\t\t     title=\"Cr\u00e9ation de la charte graphique de Neotpim\"\n\t\t\t\t\t\t     style=\"display:none\">\n\t\t\t<\/div>\n\n\t\t\t<script type='text\/javascript'>\n\t\t\t\twindow.onload = function(e) {\n\t\t\t\t\tif(typeof ugCheckForErrors == \"undefined\"){\n\t\t\t\t\t\tdocument.getElementById(\"unitegallery_11_1\").innerHTML = \"<span style='color:red'>Unite Gallery Error - gallery js and css files not included in the footer. Please make sure that wp_footer() function is added to your theme.<\/span>\";}\n\t\t\t\t\telse{ ugCheckForErrors(\"unitegallery_11_1\", \"jquery\");}\n\t\t\t\t};\n\t\t\t<\/script>\n\n\t\t\t<!-- END UNITEGALLERY -->[\/et_pb_text][\/et_pb_column][\/et_pb_row][\/et_pb_section][et_pb_section fb_built=\u00a0\u00bb1&Prime; custom_padding_last_edited=\u00a0\u00bbon|phone\u00a0\u00bb _builder_version=\u00a0\u00bb3.0.106&Prime; background_color=\u00a0\u00bb#303030&Prime; custom_padding=\u00a0\u00bb25px|0px|34px|0px\u00a0\u00bb custom_padding_phone=\u00a0\u00bb1%|||\u00a0\u00bb box_shadow_style=\u00a0\u00bbpreset6&Prime; box_shadow_horizontal=\u00a0\u00bb-3px\u00a0\u00bb box_shadow_vertical=\u00a0\u00bb17px\u00a0\u00bb box_shadow_blur=\u00a0\u00bb31px\u00a0\u00bb box_shadow_spread=\u00a0\u00bb-7px\u00a0\u00bb box_shadow_color=\u00a0\u00bbrgba(0,0,0,0.31)\u00a0\u00bb global_module=\u00a0\u00bb148&Prime; saved_tabs=\u00a0\u00bball\u00a0\u00bb fb_built=\u00a0\u00bb1&Prime; _i=\u00a0\u00bb2&Prime; _address=\u00a0\u00bb2&Prime;][et_pb_row _builder_version=\u00a0\u00bb3.25&Prime; _i=\u00a0\u00bb0&Prime; _address=\u00a0\u00bb2.0&Prime;][et_pb_column type=\u00a0\u00bb4_4&Prime; _builder_version=\u00a0\u00bb3.25&Prime; custom_padding=\u00a0\u00bb|||\u00a0\u00bb _i=\u00a0\u00bb0&Prime; _address=\u00a0\u00bb2.0.0&Prime; custom_padding__hover=\u00a0\u00bb|||\u00a0\u00bb][et_pb_text _builder_version=\u00a0\u00bb3.27.4&Prime; text_font=\u00a0\u00bb||||||||\u00a0\u00bb text_font_size=\u00a0\u00bb15px\u00a0\u00bb text_line_height=\u00a0\u00bb1.5em\u00a0\u00bb background_layout=\u00a0\u00bbdark\u00a0\u00bb inline_fonts=\u00a0\u00bbAlice\u00a0\u00bb _i=\u00a0\u00bb0&Prime; _address=\u00a0\u00bb2.0.0.0&Prime;]<p>CONTACT<\/p>\n<p>\u00a0<\/p>[\/et_pb_text][et_pb_text _builder_version=\u00a0\u00bb3.27.4&Prime; text_font=\u00a0\u00bb||||||||\u00a0\u00bb text_font_size=\u00a0\u00bb18px\u00a0\u00bb header_font=\u00a0\u00bb||||||||\u00a0\u00bb header_font_size=\u00a0\u00bb27px\u00a0\u00bb custom_margin=\u00a0\u00bb-50||-15px|\u00a0\u00bb custom_padding=\u00a0\u00bb|||\u00a0\u00bb inline_fonts=\u00a0\u00bbAlice\u00a0\u00bb _i=\u00a0\u00bb1&Prime; _address=\u00a0\u00bb2.0.0.1&Prime;]<p><span style=\"color: #ffffff;\"> <span style=\"font-size: x-large;\">06 67 29 85 43\u00a0<\/span> \u00a0I\u00a0 <\/span><span style=\"color: #ffffff;\">yvesbuliard@gmail.com<\/span><\/p>[\/et_pb_text][\/et_pb_column][\/et_pb_row][\/et_pb_section]\n","protected":false},"excerpt":{"rendered":"<p>Chartes Graphiques J&rsquo;ai eu l&rsquo;opportunit\u00e9 de cr\u00e9er totalement l&rsquo;identit\u00e9 et tous les outils de communication de nombreuses marques : les v\u00eatements \u00e0 LED HO hyperobjets, la soci\u00e9t\u00e9 de s\u00e9curit\u00e9 Scutum, les maisons de retraite M\u00e9dica, Apsys filiale de EADS et le Mouvement des Horlogers Bijoutiers, puis de r\u00e9diger les chartes graphiques.\u00a0 \u00a0 \u00a0Cliquez sur une [&hellip;]<\/p>\n","protected":false},"author":1,"featured_media":0,"parent":330,"menu_order":0,"comment_status":"closed","ping_status":"closed","template":"","meta":{"_et_pb_use_builder":"on","_et_pb_old_content":"","_et_gb_content_width":"","footnotes":""},"class_list":["post-303","page","type-page","status-publish","hentry"],"yoast_head":"<!-- This site is optimized with the Yoast SEO plugin v24.6 - https:\/\/yoast.com\/wordpress\/plugins\/seo\/ -->\n<title>Charte graphique - yvesbuliard.fr<\/title>\n<meta name=\"description\" content=\"cr\u00e9ation de charte graphique, logo, identit\u00e9 visuelle, 25 ann\u00e9es d&#039;experience\" \/>\n<meta name=\"robots\" content=\"index, follow, max-snippet:-1, max-image-preview:large, max-video-preview:-1\" \/>\n<link rel=\"canonical\" href=\"https:\/\/www.yvesbuliard.fr\/?page_id=303\" \/>\n<meta property=\"og:locale\" content=\"fr_FR\" \/>\n<meta property=\"og:type\" content=\"article\" \/>\n<meta property=\"og:title\" content=\"Charte graphique - yvesbuliard.fr\" \/>\n<meta property=\"og:description\" content=\"cr\u00e9ation de charte graphique, logo, identit\u00e9 visuelle, 25 ann\u00e9es d&#039;experience\" \/>\n<meta property=\"og:url\" content=\"https:\/\/www.yvesbuliard.fr\/?page_id=303\" \/>\n<meta property=\"og:site_name\" content=\"yvesbuliard.fr\" \/>\n<meta property=\"article:modified_time\" content=\"2022-12-30T13:43:07+00:00\" \/>\n<meta name=\"twitter:card\" content=\"summary_large_image\" \/>\n<meta name=\"twitter:label1\" content=\"Dur\u00e9e de lecture estim\u00e9e\" \/>\n\t<meta name=\"twitter:data1\" content=\"2 minutes\" \/>\n<script type=\"application\/ld+json\" class=\"yoast-schema-graph\">{\"@context\":\"https:\/\/schema.org\",\"@graph\":[{\"@type\":\"WebPage\",\"@id\":\"https:\/\/www.yvesbuliard.fr\/?page_id=303\",\"url\":\"https:\/\/www.yvesbuliard.fr\/?page_id=303\",\"name\":\"Charte graphique - yvesbuliard.fr\",\"isPartOf\":{\"@id\":\"https:\/\/www.yvesbuliard.fr\/#website\"},\"datePublished\":\"2018-05-21T16:16:14+00:00\",\"dateModified\":\"2022-12-30T13:43:07+00:00\",\"description\":\"cr\u00e9ation de charte graphique, logo, identit\u00e9 visuelle, 25 ann\u00e9es d'experience\",\"breadcrumb\":{\"@id\":\"https:\/\/www.yvesbuliard.fr\/?page_id=303#breadcrumb\"},\"inLanguage\":\"fr-FR\",\"potentialAction\":[{\"@type\":\"ReadAction\",\"target\":[\"https:\/\/www.yvesbuliard.fr\/?page_id=303\"]}]},{\"@type\":\"BreadcrumbList\",\"@id\":\"https:\/\/www.yvesbuliard.fr\/?page_id=303#breadcrumb\",\"itemListElement\":[{\"@type\":\"ListItem\",\"position\":1,\"name\":\"Accueil\",\"item\":\"https:\/\/www.yvesbuliard.fr\/\"},{\"@type\":\"ListItem\",\"position\":2,\"name\":\"Logo &#038; Design\",\"item\":\"https:\/\/www.yvesbuliard.fr\/?page_id=330\"},{\"@type\":\"ListItem\",\"position\":3,\"name\":\"Charte graphique\"}]},{\"@type\":\"WebSite\",\"@id\":\"https:\/\/www.yvesbuliard.fr\/#website\",\"url\":\"https:\/\/www.yvesbuliard.fr\/\",\"name\":\"yvesbuliard.fr\",\"description\":\"directeur artistique freelance\",\"publisher\":{\"@id\":\"https:\/\/www.yvesbuliard.fr\/#\/schema\/person\/e1b40964e8226af0d41fbdc8803aa990\"},\"potentialAction\":[{\"@type\":\"SearchAction\",\"target\":{\"@type\":\"EntryPoint\",\"urlTemplate\":\"https:\/\/www.yvesbuliard.fr\/?s={search_term_string}\"},\"query-input\":{\"@type\":\"PropertyValueSpecification\",\"valueRequired\":true,\"valueName\":\"search_term_string\"}}],\"inLanguage\":\"fr-FR\"},{\"@type\":[\"Person\",\"Organization\"],\"@id\":\"https:\/\/www.yvesbuliard.fr\/#\/schema\/person\/e1b40964e8226af0d41fbdc8803aa990\",\"name\":\"Yves Buliard\",\"image\":{\"@type\":\"ImageObject\",\"inLanguage\":\"fr-FR\",\"@id\":\"https:\/\/www.yvesbuliard.fr\/#\/schema\/person\/image\/\",\"url\":\"https:\/\/www.yvesbuliard.fr\/wp-content\/uploads\/2022\/12\/portrait-pro-2.jpg\",\"contentUrl\":\"https:\/\/www.yvesbuliard.fr\/wp-content\/uploads\/2022\/12\/portrait-pro-2.jpg\",\"width\":1920,\"height\":2876,\"caption\":\"Yves Buliard\"},\"logo\":{\"@id\":\"https:\/\/www.yvesbuliard.fr\/#\/schema\/person\/image\/\"}}]}<\/script>\n<!-- \/ Yoast SEO plugin. -->","yoast_head_json":{"title":"Charte graphique - yvesbuliard.fr","description":"cr\u00e9ation de charte graphique, logo, identit\u00e9 visuelle, 25 ann\u00e9es d'experience","robots":{"index":"index","follow":"follow","max-snippet":"max-snippet:-1","max-image-preview":"max-image-preview:large","max-video-preview":"max-video-preview:-1"},"canonical":"https:\/\/www.yvesbuliard.fr\/?page_id=303","og_locale":"fr_FR","og_type":"article","og_title":"Charte graphique - yvesbuliard.fr","og_description":"cr\u00e9ation de charte graphique, logo, identit\u00e9 visuelle, 25 ann\u00e9es d'experience","og_url":"https:\/\/www.yvesbuliard.fr\/?page_id=303","og_site_name":"yvesbuliard.fr","article_modified_time":"2022-12-30T13:43:07+00:00","twitter_card":"summary_large_image","twitter_misc":{"Dur\u00e9e de lecture estim\u00e9e":"2 minutes"},"schema":{"@context":"https:\/\/schema.org","@graph":[{"@type":"WebPage","@id":"https:\/\/www.yvesbuliard.fr\/?page_id=303","url":"https:\/\/www.yvesbuliard.fr\/?page_id=303","name":"Charte graphique - yvesbuliard.fr","isPartOf":{"@id":"https:\/\/www.yvesbuliard.fr\/#website"},"datePublished":"2018-05-21T16:16:14+00:00","dateModified":"2022-12-30T13:43:07+00:00","description":"cr\u00e9ation de charte graphique, logo, identit\u00e9 visuelle, 25 ann\u00e9es d'experience","breadcrumb":{"@id":"https:\/\/www.yvesbuliard.fr\/?page_id=303#breadcrumb"},"inLanguage":"fr-FR","potentialAction":[{"@type":"ReadAction","target":["https:\/\/www.yvesbuliard.fr\/?page_id=303"]}]},{"@type":"BreadcrumbList","@id":"https:\/\/www.yvesbuliard.fr\/?page_id=303#breadcrumb","itemListElement":[{"@type":"ListItem","position":1,"name":"Accueil","item":"https:\/\/www.yvesbuliard.fr\/"},{"@type":"ListItem","position":2,"name":"Logo &#038; Design","item":"https:\/\/www.yvesbuliard.fr\/?page_id=330"},{"@type":"ListItem","position":3,"name":"Charte graphique"}]},{"@type":"WebSite","@id":"https:\/\/www.yvesbuliard.fr\/#website","url":"https:\/\/www.yvesbuliard.fr\/","name":"yvesbuliard.fr","description":"directeur artistique freelance","publisher":{"@id":"https:\/\/www.yvesbuliard.fr\/#\/schema\/person\/e1b40964e8226af0d41fbdc8803aa990"},"potentialAction":[{"@type":"SearchAction","target":{"@type":"EntryPoint","urlTemplate":"https:\/\/www.yvesbuliard.fr\/?s={search_term_string}"},"query-input":{"@type":"PropertyValueSpecification","valueRequired":true,"valueName":"search_term_string"}}],"inLanguage":"fr-FR"},{"@type":["Person","Organization"],"@id":"https:\/\/www.yvesbuliard.fr\/#\/schema\/person\/e1b40964e8226af0d41fbdc8803aa990","name":"Yves Buliard","image":{"@type":"ImageObject","inLanguage":"fr-FR","@id":"https:\/\/www.yvesbuliard.fr\/#\/schema\/person\/image\/","url":"https:\/\/www.yvesbuliard.fr\/wp-content\/uploads\/2022\/12\/portrait-pro-2.jpg","contentUrl":"https:\/\/www.yvesbuliard.fr\/wp-content\/uploads\/2022\/12\/portrait-pro-2.jpg","width":1920,"height":2876,"caption":"Yves Buliard"},"logo":{"@id":"https:\/\/www.yvesbuliard.fr\/#\/schema\/person\/image\/"}}]}},"_links":{"self":[{"href":"https:\/\/www.yvesbuliard.fr\/index.php?rest_route=\/wp\/v2\/pages\/303","targetHints":{"allow":["GET"]}}],"collection":[{"href":"https:\/\/www.yvesbuliard.fr\/index.php?rest_route=\/wp\/v2\/pages"}],"about":[{"href":"https:\/\/www.yvesbuliard.fr\/index.php?rest_route=\/wp\/v2\/types\/page"}],"author":[{"embeddable":true,"href":"https:\/\/www.yvesbuliard.fr\/index.php?rest_route=\/wp\/v2\/users\/1"}],"replies":[{"embeddable":true,"href":"https:\/\/www.yvesbuliard.fr\/index.php?rest_route=%2Fwp%2Fv2%2Fcomments&post=303"}],"version-history":[{"count":9,"href":"https:\/\/www.yvesbuliard.fr\/index.php?rest_route=\/wp\/v2\/pages\/303\/revisions"}],"predecessor-version":[{"id":1502,"href":"https:\/\/www.yvesbuliard.fr\/index.php?rest_route=\/wp\/v2\/pages\/303\/revisions\/1502"}],"up":[{"embeddable":true,"href":"https:\/\/www.yvesbuliard.fr\/index.php?rest_route=\/wp\/v2\/pages\/330"}],"wp:attachment":[{"href":"https:\/\/www.yvesbuliard.fr\/index.php?rest_route=%2Fwp%2Fv2%2Fmedia&parent=303"}],"curies":[{"name":"wp","href":"https:\/\/api.w.org\/{rel}","templated":true}]}}