{"id":311,"date":"2018-05-21T18:18:02","date_gmt":"2018-05-21T16:18:02","guid":{"rendered":"http:\/\/www.yvesbuliard.fr\/?page_id=311"},"modified":"2026-01-07T17:44:54","modified_gmt":"2026-01-07T16:44:54","slug":"motion-designer-freelance","status":"publish","type":"page","link":"https:\/\/www.yvesbuliard.fr\/?page_id=311","title":{"rendered":"Vid\u00e9o"},"content":{"rendered":"<p>[et_pb_section fb_built=\u00a0\u00bb1&Prime; custom_padding_last_edited=\u00a0\u00bbon|phone\u00a0\u00bb _builder_version=\u00a0\u00bb4.16&Prime; background_color=\u00a0\u00bb#000000&Prime; custom_padding=\u00a0\u00bb28px|0px|54px|0px\u00a0\u00bb custom_padding_tablet=\u00a0\u00bb\u00a0\u00bb custom_padding_phone=\u00a0\u00bb2%||2%|\u00a0\u00bb box_shadow_style=\u00a0\u00bbpreset6&Prime; box_shadow_vertical=\u00a0\u00bb1px\u00a0\u00bb box_shadow_blur=\u00a0\u00bb25px\u00a0\u00bb global_colors_info=\u00a0\u00bb{}\u00a0\u00bb][et_pb_row _builder_version=\u00a0\u00bb4.19.5&Prime; custom_padding=\u00a0\u00bb||0px|||\u00a0\u00bb global_colors_info=\u00a0\u00bb{}\u00a0\u00bb][et_pb_column type=\u00a0\u00bb4_4&Prime; _builder_version=\u00a0\u00bb4.16&Prime; custom_padding=\u00a0\u00bb|||\u00a0\u00bb global_colors_info=\u00a0\u00bb{}\u00a0\u00bb custom_padding__hover=\u00a0\u00bb|||\u00a0\u00bb][et_pb_text _builder_version=\u00a0\u00bb4.16&Prime; text_font=\u00a0\u00bbAssistant||||||||\u00a0\u00bb text_font_size=\u00a0\u00bb17px\u00a0\u00bb header_font=\u00a0\u00bb||||||||\u00a0\u00bb header_font_size=\u00a0\u00bb51px\u00a0\u00bb header_3_font=\u00a0\u00bb||||||||\u00a0\u00bb header_3_font_size=\u00a0\u00bb39px\u00a0\u00bb text_orientation=\u00a0\u00bbjustified\u00a0\u00bb background_layout=\u00a0\u00bbdark\u00a0\u00bb custom_margin_tablet=\u00a0\u00bb\u00a0\u00bb custom_margin_phone=\u00a0\u00bb\u00a0\u00bb custom_margin_last_edited=\u00a0\u00bbon|desktop\u00a0\u00bb custom_padding=\u00a0\u00bb||0px|||\u00a0\u00bb custom_padding_tablet=\u00a0\u00bb\u00a0\u00bb custom_padding_phone=\u00a0\u00bb\u00a0\u00bb custom_padding_last_edited=\u00a0\u00bbon|desktop\u00a0\u00bb text_font_size_tablet=\u00a0\u00bb\u00a0\u00bb text_font_size_phone=\u00a0\u00bb12px\u00a0\u00bb text_font_size_last_edited=\u00a0\u00bbon|phone\u00a0\u00bb text_letter_spacing_tablet=\u00a0\u00bb\u00a0\u00bb text_letter_spacing_phone=\u00a0\u00bb\u00a0\u00bb text_letter_spacing_last_edited=\u00a0\u00bbon|desktop\u00a0\u00bb global_colors_info=\u00a0\u00bb{}\u00a0\u00bb]<\/p>\n<h1>Vid\u00e9o, motion design et r\u00e9alisation<\/h1>\n<p>Vous pouvez regarder chaque vid\u00e9o du diaporama en cliquant dessus. Je cr\u00e9\u00e9 les g\u00e9n\u00e9riques et je monte les \u00e9missions de Anti Age TV et je cr\u00e9\u00e9 des posts et contenus sur leur r\u00e9seaux sociaux. Je con\u00e7oit de nombreux \u00e9crans publicitaires pour boutiques, entre autre pour le groupe Swatch et des vid\u00e9os d&rsquo;entreprise que je r\u00e9alise et monte. Je r\u00e9alise des clips vid\u00e9o pour Yuken et TIRS. Je cr\u00e9e pour une grande marque des animations et dessins anim\u00e9s sur les th\u00e8mes de la s\u00e9curit\u00e9 et du d\u00e9veloppement durable que je ne peux pr\u00e9senter sur ce site.\u00a0<\/p>\n<p>[\/et_pb_text][\/et_pb_column][\/et_pb_row][\/et_pb_section][et_pb_section fb_built=\u00a0\u00bb1&Prime; _builder_version=\u00a0\u00bb4.16&Prime; background_color=\u00a0\u00bb#000000&Prime; global_colors_info=\u00a0\u00bb{}\u00a0\u00bb][et_pb_row _builder_version=\u00a0\u00bb4.16&Prime; global_colors_info=\u00a0\u00bb{}\u00a0\u00bb][et_pb_column type=\u00a0\u00bb4_4&Prime; _builder_version=\u00a0\u00bb4.16&Prime; custom_padding=\u00a0\u00bb|||\u00a0\u00bb global_colors_info=\u00a0\u00bb{}\u00a0\u00bb custom_padding__hover=\u00a0\u00bb|||\u00a0\u00bb][et_pb_text _builder_version=\u00a0\u00bb4.16&Prime; text_font=\u00a0\u00bb|||on|||||\u00a0\u00bb text_font_size=\u00a0\u00bb11px\u00a0\u00bb text_line_height=\u00a0\u00bb1em\u00a0\u00bb background_layout=\u00a0\u00bbdark\u00a0\u00bb max_width=\u00a0\u00bb86%\u00a0\u00bb border_width_left=\u00a0\u00bb1px\u00a0\u00bb border_color_left=\u00a0\u00bb#ffffff\u00a0\u00bb global_colors_info=\u00a0\u00bb{}\u00a0\u00bb]<\/p>\n<p><span style=\"font-size: x-small;\">\u00a0 \u00a0 \u00a0Cliquez sur une image pour l&rsquo;agrandir et ouvrir le diaporama<\/span><\/p>\n<p>[\/et_pb_text][\/et_pb_column][\/et_pb_row][et_pb_row _builder_version=\u00a0\u00bb4.16&Prime; global_colors_info=\u00a0\u00bb{}\u00a0\u00bb][et_pb_column type=\u00a0\u00bb4_4&Prime; _builder_version=\u00a0\u00bb4.16&Prime; custom_padding=\u00a0\u00bb|||\u00a0\u00bb global_colors_info=\u00a0\u00bb{}\u00a0\u00bb custom_padding__hover=\u00a0\u00bb|||\u00a0\u00bb][et_pb_text _builder_version=\u00a0\u00bb4.16&Prime; custom_margin=\u00a0\u00bb1%|||\u00a0\u00bb global_colors_info=\u00a0\u00bb{}\u00a0\u00bb]\r\n\t\t\t\t\t\n\r\n\t\t\t\t\t<!-- START UNITE GALLERY 1.7.45 -->\r\n\t\t\t\t\t\r\n\t\t\t\t\n\t\t\t<div id='unitegallery_16_1' class='unite-gallery'>\n\t\t\t\t\n\n\t\t\t\t\t\t<img decoding=\"async\" alt=\"Burger king- Motion design\"\n\t\t\t\t\t\t    data-type=\"youtube\"  src=\"\" data-image=\"https:\/\/img.youtube.com\/vi\/dz1MvgIwXCk\/sddefault.jpg\"\n\t\t\t\t\t\t     data-thumb=\"https:\/\/img.youtube.com\/vi\/dz1MvgIwXCk\/mqdefault.jpg\"\n\t\t\t\t\t\t     title=\"Burger King - animation en motion design, r\u00e9alis\u00e9e sous after effect.\"\n\t\t\t\t\t\t     data-videoid=\"dz1MvgIwXCk\" style=\"display:none\">\n\n\t\t\t\t\t\t<img decoding=\"async\" alt=\"Anti Age TV - DR Fayard myomodulation du front\"\n\t\t\t\t\t\t    data-type=\"youtube\"  src=\"\" data-image=\"https:\/\/img.youtube.com\/vi\/VL0bdeMEnHU\/sddefault.jpg\"\n\t\t\t\t\t\t     data-thumb=\"https:\/\/img.youtube.com\/vi\/VL0bdeMEnHU\/mqdefault.jpg\"\n\t\t\t\t\t\t     title=\"Pour le compte de l'agence Diwital et Anti Age TV, je cr\u00e9e les g\u00e9n\u00e9riques des \u00e9missions et je r\u00e9alise le montage et l'animation des interviews de m\u00e9decins et chirurgiens esth\u00e9tiques.\"\n\t\t\t\t\t\t     data-videoid=\"VL0bdeMEnHU\" style=\"display:none\">\n\n\t\t\t\t\t\t<img decoding=\"async\" alt=\"  FR  Ignorer les liens de navigation Rechercher    Cr\u00e9er  9+  Image d'avatar animation, motion design \u00e9conomies d'\u00e9nergie\"\n\t\t\t\t\t\t    data-type=\"youtube\"  src=\"\" data-image=\"https:\/\/img.youtube.com\/vi\/XWgr0rXmMs0\/sddefault.jpg\"\n\t\t\t\t\t\t     data-thumb=\"https:\/\/img.youtube.com\/vi\/XWgr0rXmMs0\/mqdefault.jpg\"\n\t\t\t\t\t\t     title=\"Extrait d'un film d'animation de communication interne pour les \u00e9conomies d'\u00e9nergie et le d\u00e9veloppement durable. N'ayant pas le droit de diffuser l'original, j'ai chang\u00e9 le graphisme et les couleurs. Le personnage a \u00e9t\u00e9 r\u00e9alis\u00e9 sur Caracter Animator et le reste sur After effect.\"\n\t\t\t\t\t\t     data-videoid=\"XWgr0rXmMs0\" style=\"display:none\">\n\n\t\t\t\t\t\t<img decoding=\"async\" alt=\"Campagne RED by SFR\"\n\t\t\t\t\t\t    data-type=\"youtube\"  src=\"\" data-image=\"https:\/\/img.youtube.com\/vi\/lsdUZRpoDbA\/sddefault.jpg\"\n\t\t\t\t\t\t     data-thumb=\"https:\/\/img.youtube.com\/vi\/lsdUZRpoDbA\/mqdefault.jpg\"\n\t\t\t\t\t\t     title=\"Fausse publicit\u00e9 pour RED by SFR\"\n\t\t\t\t\t\t     data-videoid=\"lsdUZRpoDbA\" style=\"display:none\">\n\n\t\t\t\t\t\t<img decoding=\"async\" alt=\"Publicit\u00e9 pour la nouvelle Offre de Concurrences\"\n\t\t\t\t\t\t    data-type=\"youtube\"  src=\"\" data-image=\"https:\/\/img.youtube.com\/vi\/8baqTqTPYwg\/sddefault.jpg\"\n\t\t\t\t\t\t     data-thumb=\"https:\/\/img.youtube.com\/vi\/8baqTqTPYwg\/mqdefault.jpg\"\n\t\t\t\t\t\t     title=\"Publicit\u00e9 en motion design pour la nouvelle Offre de Concurrences\"\n\t\t\t\t\t\t     data-videoid=\"8baqTqTPYwg\" style=\"display:none\">\n\n\t\t\t\t\t\t<img decoding=\"async\" alt=\"Youtube Video\"\n\t\t\t\t\t\t    data-type=\"youtube\"  src=\"\" data-image=\"https:\/\/img.youtube.com\/vi\/fhaC0N-7yy8\/sddefault.jpg\"\n\t\t\t\t\t\t     data-thumb=\"https:\/\/img.youtube.com\/vi\/fhaC0N-7yy8\/mqdefault.jpg\"\n\t\t\t\t\t\t     title=\"Publicit\u00e9 factice pour une marque de lessive\"\n\t\t\t\t\t\t     data-videoid=\"fhaC0N-7yy8\" style=\"display:none\">\n\n\t\t\t\t\t\t<img decoding=\"async\" alt=\"Clip des 20 ans de Concurrences\"\n\t\t\t\t\t\t    data-type=\"youtube\"  src=\"\" data-image=\"https:\/\/img.youtube.com\/vi\/AA_WZzF-JT4\/sddefault.jpg\"\n\t\t\t\t\t\t     data-thumb=\"https:\/\/img.youtube.com\/vi\/AA_WZzF-JT4\/mqdefault.jpg\"\n\t\t\t\t\t\t     title=\"Clip en motion design pour les 20 ans de Concurrences\"\n\t\t\t\t\t\t     data-videoid=\"AA_WZzF-JT4\" style=\"display:none\">\n\n\t\t\t\t\t\t<img decoding=\"async\" alt=\"  FR  Ignorer les liens de navigation Rechercher    Cr\u00e9er  9+  Image d'avatar Vid\u00e9o anniversaire des 10 ans de la Coalition Education\"\n\t\t\t\t\t\t    data-type=\"youtube\"  src=\"\" data-image=\"https:\/\/img.youtube.com\/vi\/YBJ22ei9owI\/sddefault.jpg\"\n\t\t\t\t\t\t     data-thumb=\"https:\/\/img.youtube.com\/vi\/YBJ22ei9owI\/mqdefault.jpg\"\n\t\t\t\t\t\t     title=\"\u00c0 l'occasion de son 10e anniversaire, j'ai cr\u00e9\u00e9 la vid\u00e9o ainsi que les visuels, invitations et banni\u00e8res de l'\u00e9v\u00e8nement.\"\n\t\t\t\t\t\t     data-videoid=\"YBJ22ei9owI\" style=\"display:none\">\n\n\t\t\t\t\t\t<img decoding=\"async\" alt=\"Youtube Video\"\n\t\t\t\t\t\t    data-type=\"youtube\"  src=\"\" data-image=\"https:\/\/img.youtube.com\/vi\/iCz2Y3i1-_I\/sddefault.jpg\"\n\t\t\t\t\t\t     data-thumb=\"https:\/\/img.youtube.com\/vi\/iCz2Y3i1-_I\/mqdefault.jpg\"\n\t\t\t\t\t\t     title=\"\"\n\t\t\t\t\t\t     data-videoid=\"iCz2Y3i1-_I\" style=\"display:none\">\n\n\t\t\t\t\t\t<img decoding=\"async\" alt=\"TIRS midnight in the red light district\"\n\t\t\t\t\t\t    data-type=\"youtube\"  src=\"\" data-image=\"https:\/\/img.youtube.com\/vi\/AW4mr52g99M\/sddefault.jpg\"\n\t\t\t\t\t\t     data-thumb=\"https:\/\/img.youtube.com\/vi\/AW4mr52g99M\/mqdefault.jpg\"\n\t\t\t\t\t\t     title=\"R\u00e9alisation, montage et postproduction du clip de TIRS Midnight in the red light district\"\n\t\t\t\t\t\t     data-videoid=\"AW4mr52g99M\" style=\"display:none\">\n\n\t\t\t\t\t\t<img decoding=\"async\" alt=\"TIRS Tokyo 9 PM\"\n\t\t\t\t\t\t    data-type=\"youtube\"  src=\"\" data-image=\"https:\/\/img.youtube.com\/vi\/oZVTQBMGiDs\/sddefault.jpg\"\n\t\t\t\t\t\t     data-thumb=\"https:\/\/img.youtube.com\/vi\/oZVTQBMGiDs\/mqdefault.jpg\"\n\t\t\t\t\t\t     title=\"R\u00e9alisation et montage du clip TIRS Tokyo 9 PM\"\n\t\t\t\t\t\t     data-videoid=\"oZVTQBMGiDs\" style=\"display:none\">\n\n\t\t\t\t\t\t<img decoding=\"async\" alt=\"Clip Vid\u00e9o de Yuken, N\u00f4 Space\"\n\t\t\t\t\t\t    data-type=\"youtube\"  src=\"\" data-image=\"https:\/\/www.yvesbuliard.fr\/wp-content\/uploads\/2021\/09\/actu-nospace.jpg\"\n\t\t\t\t\t\t     data-thumb=\"https:\/\/www.yvesbuliard.fr\/wp-content\/uploads\/2021\/09\/actu-nospace-300x169.jpg\"\n\t\t\t\t\t\t     title=\"Clip Vid\u00e9o de Yuken, N\u00f4 Space. Conception, r\u00e9alisation, production et post production du clip\"\n\t\t\t\t\t\t     data-videoid=\"hAtrc2rDOXs\" style=\"display:none\">\n\n\t\t\t\t\t\t<img decoding=\"async\" alt=\"Clip video de Yuken, Matsuri\"\n\t\t\t\t\t\t    data-type=\"youtube\"  src=\"\" data-image=\"https:\/\/img.youtube.com\/vi\/e0hd7q2x9gI\/sddefault.jpg\"\n\t\t\t\t\t\t     data-thumb=\"https:\/\/img.youtube.com\/vi\/e0hd7q2x9gI\/mqdefault.jpg\"\n\t\t\t\t\t\t     title=\"Clip video de Yuken, Matsuri. Conception et r\u00e9alisation en motion design sur after effect et character animator\"\n\t\t\t\t\t\t     data-videoid=\"e0hd7q2x9gI\" style=\"display:none\">\n\n\t\t\t\t\t\t<img decoding=\"async\" alt=\"Clip de Yuken, EON\"\n\t\t\t\t\t\t    data-type=\"youtube\"  src=\"\" data-image=\"https:\/\/img.youtube.com\/vi\/L4evjsbYfWw\/sddefault.jpg\"\n\t\t\t\t\t\t     data-thumb=\"https:\/\/img.youtube.com\/vi\/L4evjsbYfWw\/mqdefault.jpg\"\n\t\t\t\t\t\t     title=\"Clip de Yuken, EON, dans le cadre du concours EON remix contest de Jean-Michel Jarre. Conception et r\u00e9alisation sur after effect.\"\n\t\t\t\t\t\t     data-videoid=\"L4evjsbYfWw\" style=\"display:none\">\n\t\t\t<\/div>\n\n\t\t\t<script type='text\/javascript'>\n\t\t\t\twindow.onload = function(e) {\n\t\t\t\t\tif(typeof ugCheckForErrors == \"undefined\"){\n\t\t\t\t\t\tdocument.getElementById(\"unitegallery_16_1\").innerHTML = \"<span style='color:red'>Unite Gallery Error - gallery js and css files not included in the footer. Please make sure that wp_footer() function is added to your theme.<\/span>\";}\n\t\t\t\t\telse{ ugCheckForErrors(\"unitegallery_16_1\", \"jquery\");}\n\t\t\t\t};\n\t\t\t<\/script>\n\n\t\t\t<!-- END UNITEGALLERY -->[\/et_pb_text][\/et_pb_column][\/et_pb_row][\/et_pb_section][et_pb_section fb_built=\u00a0\u00bb1&Prime; custom_padding_last_edited=\u00a0\u00bbon|phone\u00a0\u00bb _builder_version=\u00a0\u00bb3.0.106&Prime; background_color=\u00a0\u00bb#303030&Prime; custom_padding=\u00a0\u00bb25px|0px|34px|0px\u00a0\u00bb custom_padding_tablet=\u00a0\u00bb\u00a0\u00bb custom_padding_phone=\u00a0\u00bb1%|||\u00a0\u00bb box_shadow_style=\u00a0\u00bbpreset6&Prime; box_shadow_horizontal=\u00a0\u00bb-3px\u00a0\u00bb box_shadow_vertical=\u00a0\u00bb17px\u00a0\u00bb box_shadow_blur=\u00a0\u00bb31px\u00a0\u00bb box_shadow_spread=\u00a0\u00bb-7px\u00a0\u00bb box_shadow_color=\u00a0\u00bbrgba(0,0,0,0.31)\u00a0\u00bb global_module=\u00a0\u00bb148&Prime; saved_tabs=\u00a0\u00bball\u00a0\u00bb global_colors_info=\u00a0\u00bb{}\u00a0\u00bb][et_pb_row _builder_version=\u00a0\u00bb4.16&Prime; global_colors_info=\u00a0\u00bb{}\u00a0\u00bb][et_pb_column type=\u00a0\u00bb4_4&Prime; _builder_version=\u00a0\u00bb4.16&Prime; custom_padding=\u00a0\u00bb|||\u00a0\u00bb global_colors_info=\u00a0\u00bb{}\u00a0\u00bb custom_padding__hover=\u00a0\u00bb|||\u00a0\u00bb][et_pb_text _builder_version=\u00a0\u00bb4.16&Prime; text_font=\u00a0\u00bb||||||||\u00a0\u00bb text_font_size=\u00a0\u00bb15px\u00a0\u00bb text_line_height=\u00a0\u00bb1.5em\u00a0\u00bb background_layout=\u00a0\u00bbdark\u00a0\u00bb inline_fonts=\u00a0\u00bbAlice\u00a0\u00bb global_colors_info=\u00a0\u00bb{}\u00a0\u00bb]<\/p>\n<p>CONTACT<\/p>\n<p>\u00a0<\/p>\n<p>[\/et_pb_text][et_pb_text _builder_version=\u00a0\u00bb4.16&Prime; text_font=\u00a0\u00bb||||||||\u00a0\u00bb text_font_size=\u00a0\u00bb18px\u00a0\u00bb header_font=\u00a0\u00bb||||||||\u00a0\u00bb header_font_size=\u00a0\u00bb27px\u00a0\u00bb custom_margin=\u00a0\u00bb-50||-15px|\u00a0\u00bb custom_padding=\u00a0\u00bb|||\u00a0\u00bb inline_fonts=\u00a0\u00bbAlice\u00a0\u00bb global_colors_info=\u00a0\u00bb{}\u00a0\u00bb]<\/p>\n<p><span style=\"color: #ffffff;\"> <span style=\"font-size: x-large;\">06 67 29 85 43\u00a0<\/span> \u00a0I\u00a0 <\/span><a href=\"mailto:%20yvesbuliard@gmail.com\"><span style=\"color: #ffffff;\">yvesbuliard@gmail.com<\/span><\/a><\/p>\n<p>[\/et_pb_text][\/et_pb_column][\/et_pb_row][\/et_pb_section]<\/p>\n","protected":false},"excerpt":{"rendered":"<p>Vid\u00e9o, motion design et r\u00e9alisation Vous pouvez regarder chaque vid\u00e9o du diaporama en cliquant dessus. Je cr\u00e9\u00e9 les g\u00e9n\u00e9riques et je monte les \u00e9missions de Anti Age TV et je cr\u00e9\u00e9 des posts et contenus sur leur r\u00e9seaux sociaux. Je con\u00e7oit de nombreux \u00e9crans publicitaires pour boutiques, entre autre pour le groupe Swatch et des [&hellip;]<\/p>\n","protected":false},"author":1,"featured_media":0,"parent":306,"menu_order":0,"comment_status":"closed","ping_status":"closed","template":"","meta":{"_et_pb_use_builder":"on","_et_pb_old_content":"","_et_gb_content_width":"","footnotes":""},"class_list":["post-311","page","type-page","status-publish","hentry"],"yoast_head":"<!-- This site is optimized with the Yoast SEO plugin v24.6 - https:\/\/yoast.com\/wordpress\/plugins\/seo\/ -->\n<title>Vid\u00e9o - yvesbuliard.fr<\/title>\n<meta name=\"description\" content=\"Motion designer freelance, r\u00e9alisateur de clips vid\u00e9o, films d&#039;entreprise et \u00e9crans anim\u00e9s\" \/>\n<meta name=\"robots\" content=\"index, follow, max-snippet:-1, max-image-preview:large, max-video-preview:-1\" \/>\n<link rel=\"canonical\" href=\"https:\/\/www.yvesbuliard.fr\/?page_id=311\" \/>\n<meta property=\"og:locale\" content=\"fr_FR\" \/>\n<meta property=\"og:type\" content=\"article\" \/>\n<meta property=\"og:title\" content=\"Vid\u00e9o - yvesbuliard.fr\" \/>\n<meta property=\"og:description\" content=\"Motion designer freelance, r\u00e9alisateur de clips vid\u00e9o, films d&#039;entreprise et \u00e9crans anim\u00e9s\" \/>\n<meta property=\"og:url\" content=\"https:\/\/www.yvesbuliard.fr\/?page_id=311\" \/>\n<meta property=\"og:site_name\" content=\"yvesbuliard.fr\" \/>\n<meta property=\"article:modified_time\" content=\"2026-01-07T16:44:54+00:00\" \/>\n<meta name=\"twitter:card\" content=\"summary_large_image\" \/>\n<meta name=\"twitter:label1\" content=\"Dur\u00e9e de lecture estim\u00e9e\" \/>\n\t<meta name=\"twitter:data1\" content=\"3 minutes\" \/>\n<script type=\"application\/ld+json\" class=\"yoast-schema-graph\">{\"@context\":\"https:\/\/schema.org\",\"@graph\":[{\"@type\":\"WebPage\",\"@id\":\"https:\/\/www.yvesbuliard.fr\/?page_id=311\",\"url\":\"https:\/\/www.yvesbuliard.fr\/?page_id=311\",\"name\":\"Vid\u00e9o - yvesbuliard.fr\",\"isPartOf\":{\"@id\":\"https:\/\/www.yvesbuliard.fr\/#website\"},\"datePublished\":\"2018-05-21T16:18:02+00:00\",\"dateModified\":\"2026-01-07T16:44:54+00:00\",\"description\":\"Motion designer freelance, r\u00e9alisateur de clips vid\u00e9o, films d'entreprise et \u00e9crans anim\u00e9s\",\"breadcrumb\":{\"@id\":\"https:\/\/www.yvesbuliard.fr\/?page_id=311#breadcrumb\"},\"inLanguage\":\"fr-FR\",\"potentialAction\":[{\"@type\":\"ReadAction\",\"target\":[\"https:\/\/www.yvesbuliard.fr\/?page_id=311\"]}]},{\"@type\":\"BreadcrumbList\",\"@id\":\"https:\/\/www.yvesbuliard.fr\/?page_id=311#breadcrumb\",\"itemListElement\":[{\"@type\":\"ListItem\",\"position\":1,\"name\":\"Accueil\",\"item\":\"https:\/\/www.yvesbuliard.fr\/\"},{\"@type\":\"ListItem\",\"position\":2,\"name\":\"Sites\",\"item\":\"https:\/\/www.yvesbuliard.fr\/?page_id=306\"},{\"@type\":\"ListItem\",\"position\":3,\"name\":\"Vid\u00e9o\"}]},{\"@type\":\"WebSite\",\"@id\":\"https:\/\/www.yvesbuliard.fr\/#website\",\"url\":\"https:\/\/www.yvesbuliard.fr\/\",\"name\":\"yvesbuliard.fr\",\"description\":\"directeur artistique freelance\",\"publisher\":{\"@id\":\"https:\/\/www.yvesbuliard.fr\/#\/schema\/person\/e1b40964e8226af0d41fbdc8803aa990\"},\"potentialAction\":[{\"@type\":\"SearchAction\",\"target\":{\"@type\":\"EntryPoint\",\"urlTemplate\":\"https:\/\/www.yvesbuliard.fr\/?s={search_term_string}\"},\"query-input\":{\"@type\":\"PropertyValueSpecification\",\"valueRequired\":true,\"valueName\":\"search_term_string\"}}],\"inLanguage\":\"fr-FR\"},{\"@type\":[\"Person\",\"Organization\"],\"@id\":\"https:\/\/www.yvesbuliard.fr\/#\/schema\/person\/e1b40964e8226af0d41fbdc8803aa990\",\"name\":\"Yves Buliard\",\"image\":{\"@type\":\"ImageObject\",\"inLanguage\":\"fr-FR\",\"@id\":\"https:\/\/www.yvesbuliard.fr\/#\/schema\/person\/image\/\",\"url\":\"https:\/\/www.yvesbuliard.fr\/wp-content\/uploads\/2022\/12\/portrait-pro-2.jpg\",\"contentUrl\":\"https:\/\/www.yvesbuliard.fr\/wp-content\/uploads\/2022\/12\/portrait-pro-2.jpg\",\"width\":1920,\"height\":2876,\"caption\":\"Yves Buliard\"},\"logo\":{\"@id\":\"https:\/\/www.yvesbuliard.fr\/#\/schema\/person\/image\/\"}}]}<\/script>\n<!-- \/ Yoast SEO plugin. -->","yoast_head_json":{"title":"Vid\u00e9o - yvesbuliard.fr","description":"Motion designer freelance, r\u00e9alisateur de clips vid\u00e9o, films d'entreprise et \u00e9crans anim\u00e9s","robots":{"index":"index","follow":"follow","max-snippet":"max-snippet:-1","max-image-preview":"max-image-preview:large","max-video-preview":"max-video-preview:-1"},"canonical":"https:\/\/www.yvesbuliard.fr\/?page_id=311","og_locale":"fr_FR","og_type":"article","og_title":"Vid\u00e9o - yvesbuliard.fr","og_description":"Motion designer freelance, r\u00e9alisateur de clips vid\u00e9o, films d'entreprise et \u00e9crans anim\u00e9s","og_url":"https:\/\/www.yvesbuliard.fr\/?page_id=311","og_site_name":"yvesbuliard.fr","article_modified_time":"2026-01-07T16:44:54+00:00","twitter_card":"summary_large_image","twitter_misc":{"Dur\u00e9e de lecture estim\u00e9e":"3 minutes"},"schema":{"@context":"https:\/\/schema.org","@graph":[{"@type":"WebPage","@id":"https:\/\/www.yvesbuliard.fr\/?page_id=311","url":"https:\/\/www.yvesbuliard.fr\/?page_id=311","name":"Vid\u00e9o - yvesbuliard.fr","isPartOf":{"@id":"https:\/\/www.yvesbuliard.fr\/#website"},"datePublished":"2018-05-21T16:18:02+00:00","dateModified":"2026-01-07T16:44:54+00:00","description":"Motion designer freelance, r\u00e9alisateur de clips vid\u00e9o, films d'entreprise et \u00e9crans anim\u00e9s","breadcrumb":{"@id":"https:\/\/www.yvesbuliard.fr\/?page_id=311#breadcrumb"},"inLanguage":"fr-FR","potentialAction":[{"@type":"ReadAction","target":["https:\/\/www.yvesbuliard.fr\/?page_id=311"]}]},{"@type":"BreadcrumbList","@id":"https:\/\/www.yvesbuliard.fr\/?page_id=311#breadcrumb","itemListElement":[{"@type":"ListItem","position":1,"name":"Accueil","item":"https:\/\/www.yvesbuliard.fr\/"},{"@type":"ListItem","position":2,"name":"Sites","item":"https:\/\/www.yvesbuliard.fr\/?page_id=306"},{"@type":"ListItem","position":3,"name":"Vid\u00e9o"}]},{"@type":"WebSite","@id":"https:\/\/www.yvesbuliard.fr\/#website","url":"https:\/\/www.yvesbuliard.fr\/","name":"yvesbuliard.fr","description":"directeur artistique freelance","publisher":{"@id":"https:\/\/www.yvesbuliard.fr\/#\/schema\/person\/e1b40964e8226af0d41fbdc8803aa990"},"potentialAction":[{"@type":"SearchAction","target":{"@type":"EntryPoint","urlTemplate":"https:\/\/www.yvesbuliard.fr\/?s={search_term_string}"},"query-input":{"@type":"PropertyValueSpecification","valueRequired":true,"valueName":"search_term_string"}}],"inLanguage":"fr-FR"},{"@type":["Person","Organization"],"@id":"https:\/\/www.yvesbuliard.fr\/#\/schema\/person\/e1b40964e8226af0d41fbdc8803aa990","name":"Yves Buliard","image":{"@type":"ImageObject","inLanguage":"fr-FR","@id":"https:\/\/www.yvesbuliard.fr\/#\/schema\/person\/image\/","url":"https:\/\/www.yvesbuliard.fr\/wp-content\/uploads\/2022\/12\/portrait-pro-2.jpg","contentUrl":"https:\/\/www.yvesbuliard.fr\/wp-content\/uploads\/2022\/12\/portrait-pro-2.jpg","width":1920,"height":2876,"caption":"Yves Buliard"},"logo":{"@id":"https:\/\/www.yvesbuliard.fr\/#\/schema\/person\/image\/"}}]}},"_links":{"self":[{"href":"https:\/\/www.yvesbuliard.fr\/index.php?rest_route=\/wp\/v2\/pages\/311","targetHints":{"allow":["GET"]}}],"collection":[{"href":"https:\/\/www.yvesbuliard.fr\/index.php?rest_route=\/wp\/v2\/pages"}],"about":[{"href":"https:\/\/www.yvesbuliard.fr\/index.php?rest_route=\/wp\/v2\/types\/page"}],"author":[{"embeddable":true,"href":"https:\/\/www.yvesbuliard.fr\/index.php?rest_route=\/wp\/v2\/users\/1"}],"replies":[{"embeddable":true,"href":"https:\/\/www.yvesbuliard.fr\/index.php?rest_route=%2Fwp%2Fv2%2Fcomments&post=311"}],"version-history":[{"count":20,"href":"https:\/\/www.yvesbuliard.fr\/index.php?rest_route=\/wp\/v2\/pages\/311\/revisions"}],"predecessor-version":[{"id":1658,"href":"https:\/\/www.yvesbuliard.fr\/index.php?rest_route=\/wp\/v2\/pages\/311\/revisions\/1658"}],"up":[{"embeddable":true,"href":"https:\/\/www.yvesbuliard.fr\/index.php?rest_route=\/wp\/v2\/pages\/306"}],"wp:attachment":[{"href":"https:\/\/www.yvesbuliard.fr\/index.php?rest_route=%2Fwp%2Fv2%2Fmedia&parent=311"}],"curies":[{"name":"wp","href":"https:\/\/api.w.org\/{rel}","templated":true}]}}